{"id":64054,"date":"2022-11-21T10:37:27","date_gmt":"2022-11-21T13:37:27","guid":{"rendered":"https:\/\/anut.org.br\/permanent-forums\/ctlog\/"},"modified":"2024-09-17T16:34:44","modified_gmt":"2024-09-17T19:34:44","slug":"ctlog","status":"publish","type":"page","link":"https:\/\/anut.org.br\/en\/permanent-forums\/ctlog\/","title":{"rendered":"CTLOG"},"content":{"rendered":"\t\t<div data-elementor-type=\"wp-page\" data-elementor-id=\"64054\" class=\"elementor elementor-64054 elementor-47557\" data-elementor-post-type=\"page\">\n\t\t\t\t<div class=\"elementor-element elementor-element-dae8211 e-flex e-con-boxed e-con e-parent\" data-id=\"dae8211\" data-element_type=\"container\" data-settings=\"{&quot;background_background&quot;:&quot;classic&quot;,&quot;jet_parallax_layout_list&quot;:[]}\">\n\t\t\t\t\t<div class=\"e-con-inner\">\n\t\t\t\t<div class=\"elementor-element elementor-element-db414a1 elementor-widget elementor-widget-heading\" data-id=\"db414a1\" data-element_type=\"widget\" data-widget_type=\"heading.default\">\n\t\t\t\t<div class=\"elementor-widget-container\">\n\t\t\t<style>\/*! elementor - v3.23.0 - 05-08-2024 *\/\n.elementor-heading-title{padding:0;margin:0;line-height:1}.elementor-widget-heading .elementor-heading-title[class*=elementor-size-]>a{color:inherit;font-size:inherit;line-height:inherit}.elementor-widget-heading .elementor-heading-title.elementor-size-small{font-size:15px}.elementor-widget-heading .elementor-heading-title.elementor-size-medium{font-size:19px}.elementor-widget-heading .elementor-heading-title.elementor-size-large{font-size:29px}.elementor-widget-heading .elementor-heading-title.elementor-size-xl{font-size:39px}.elementor-widget-heading .elementor-heading-title.elementor-size-xxl{font-size:59px}<\/style><h1 class=\"elementor-heading-title elementor-size-default\">CTLOG - Thematic Chamber of Infrastructure and Logistics of the Ministry of Agriculture, Livestock and Supply<\/h1>\t\t<\/div>\n\t\t\t\t<\/div>\n\t\t\t\t\t<\/div>\n\t\t\t\t<\/div>\n\t\t<div class=\"elementor-element elementor-element-5d69110c e-flex e-con-boxed e-con e-parent\" data-id=\"5d69110c\" data-element_type=\"container\" data-settings=\"{&quot;jet_parallax_layout_list&quot;:[]}\">\n\t\t\t\t\t<div class=\"e-con-inner\">\n\t\t\t\t<div class=\"elementor-element elementor-element-7f7215d8 elementor-widget elementor-widget-text-editor\" data-id=\"7f7215d8\" data-element_type=\"widget\" data-widget_type=\"text-editor.default\">\n\t\t\t\t<div class=\"elementor-widget-container\">\n\t\t\t<style>\/*! elementor - v3.23.0 - 05-08-2024 *\/\n.elementor-widget-text-editor.elementor-drop-cap-view-stacked .elementor-drop-cap{background-color:#69727d;color:#fff}.elementor-widget-text-editor.elementor-drop-cap-view-framed .elementor-drop-cap{color:#69727d;border:3px solid;background-color:transparent}.elementor-widget-text-editor:not(.elementor-drop-cap-view-default) .elementor-drop-cap{margin-top:8px}.elementor-widget-text-editor:not(.elementor-drop-cap-view-default) .elementor-drop-cap-letter{width:1em;height:1em}.elementor-widget-text-editor .elementor-drop-cap{float:left;text-align:center;line-height:1;font-size:50px}.elementor-widget-text-editor .elementor-drop-cap-letter{display:inline-block}<\/style>\t\t\t\t\n<p>History of the Chamber:<\/p>\n\n<p>The Thematic Chamber on Agribusiness Infrastructure and Logistics was set up on September 29, 2005, at the Pal\u00e1cio da Liberdade, in Belo Horizonte (MG), in the presence of the then Minister of Agriculture, Livestock and Supply, Roberto Rodrigues, the Secretary of Agriculture of the State of Minas Gerais, Federal Deputy Silas Brasileiro and the Governor of the State of Minas Gerais, A\u00e9cio Neves.\nAt the ceremony, the Minister appointed the representative of the National Association of Freight Transport Users &#8211; ANUT, Paulo Manoel Lenz Cesar Protasio, as President of the Chamber, and the representative of the Secretariat for Agricultural Development and Cooperativism of the Ministry of Agriculture, Livestock and Supply &#8211; SDC\/MAPA, Biramar Nunes de Lima, as Executive Secretary.\nOn the occasion of the first ordinary meeting, the Minister&#8217;s appointments to Chair and Secretary the Chamber were endorsed by the Chamber&#8217;s plenary.<br>The Chamber is made up of 63 bodies and entities and was officially created with the publication of Ordinance No. 27, of January 18, 2006, later amended by Ordinance No. 168, of June 20 of the same year.  <\/p>\n\n<p>More information:<\/p>\n\n<h5><a href=\"http:\/\/www.agricultura.gov.br\/camaras-setoriais-e-tematicas\" target=\"_blank\" rel=\"noreferrer noopener\">www.agricultura.gov.br\/camaras-setoriais-e-tematicas<\/a> and select the Infrastructure and Logistics option.<\/h5>\n\t\t\t\t\t\t<\/div>\n\t\t\t\t<\/div>\n\t\t\t\t\t<\/div>\n\t\t\t\t<\/div>\n\t\t\t\t<\/div>\n\t\t","protected":false},"excerpt":{"rendered":"<p>CTLOG &#8211; Thematic Chamber of Infrastructure and Logistics of the Ministry of Agriculture, Livestock and Supply History of the Chamber: The Thematic Chamber on Agribusiness Infrastructure and Logistics was set up on September 29, 2005, at the Pal\u00e1cio da Liberdade, in Belo Horizonte (MG), in the presence of the then Minister of Agriculture, Livestock and [&hellip;]<\/p>\n","protected":false},"author":8,"featured_media":0,"parent":63996,"menu_order":0,"comment_status":"closed","ping_status":"closed","template":"","meta":{"_acf_changed":false,"footnotes":""},"class_list":["post-64054","page","type-page","status-publish","hentry"],"acf":[],"yoast_head":"<!-- This site is optimized with the Yoast SEO plugin v27.4 - https:\/\/yoast.com\/product\/yoast-seo-wordpress\/ -->\n<title>CTLOG - ANUT<\/title>\n<meta name=\"robots\" content=\"index, follow, max-snippet:-1, max-image-preview:large, max-video-preview:-1\" \/>\n<link rel=\"canonical\" href=\"https:\/\/anut.org.br\/en\/permanent-forums\/ctlog\/\" \/>\n<meta property=\"og:locale\" content=\"en_US\" \/>\n<meta property=\"og:type\" content=\"article\" \/>\n<meta property=\"og:title\" content=\"CTLOG - ANUT\" \/>\n<meta property=\"og:description\" content=\"CTLOG &#8211; Thematic Chamber of Infrastructure and Logistics of the Ministry of Agriculture, Livestock and Supply History of the Chamber: The Thematic Chamber on Agribusiness Infrastructure and Logistics was set up on September 29, 2005, at the Pal\u00e1cio da Liberdade, in Belo Horizonte (MG), in the presence of the then Minister of Agriculture, Livestock and [&hellip;]\" \/>\n<meta property=\"og:url\" content=\"https:\/\/anut.org.br\/en\/permanent-forums\/ctlog\/\" \/>\n<meta property=\"og:site_name\" content=\"ANUT\" \/>\n<meta property=\"article:modified_time\" content=\"2024-09-17T19:34:44+00:00\" \/>\n<meta name=\"twitter:card\" content=\"summary_large_image\" \/>\n<meta name=\"twitter:label1\" content=\"Est. reading time\" \/>\n\t<meta name=\"twitter:data1\" content=\"1 minute\" \/>\n<script type=\"application\/ld+json\" class=\"yoast-schema-graph\">{\"@context\":\"https:\\\/\\\/schema.org\",\"@graph\":[{\"@type\":\"WebPage\",\"@id\":\"https:\\\/\\\/anut.org.br\\\/en\\\/permanent-forums\\\/ctlog\\\/\",\"url\":\"https:\\\/\\\/anut.org.br\\\/en\\\/permanent-forums\\\/ctlog\\\/\",\"name\":\"CTLOG - ANUT\",\"isPartOf\":{\"@id\":\"https:\\\/\\\/anut.org.br\\\/en\\\/#website\"},\"datePublished\":\"2022-11-21T13:37:27+00:00\",\"dateModified\":\"2024-09-17T19:34:44+00:00\",\"breadcrumb\":{\"@id\":\"https:\\\/\\\/anut.org.br\\\/en\\\/permanent-forums\\\/ctlog\\\/#breadcrumb\"},\"inLanguage\":\"en-US\",\"potentialAction\":[{\"@type\":\"ReadAction\",\"target\":[\"https:\\\/\\\/anut.org.br\\\/en\\\/permanent-forums\\\/ctlog\\\/\"]}]},{\"@type\":\"BreadcrumbList\",\"@id\":\"https:\\\/\\\/anut.org.br\\\/en\\\/permanent-forums\\\/ctlog\\\/#breadcrumb\",\"itemListElement\":[{\"@type\":\"ListItem\",\"position\":1,\"name\":\"In\u00edcio\",\"item\":\"https:\\\/\\\/anut.org.br\\\/en\\\/?page_id=63977\"},{\"@type\":\"ListItem\",\"position\":2,\"name\":\"Permanent Forums\",\"item\":\"https:\\\/\\\/anut.org.br\\\/en\\\/?page_id=63996\"},{\"@type\":\"ListItem\",\"position\":3,\"name\":\"CTLOG\"}]},{\"@type\":\"WebSite\",\"@id\":\"https:\\\/\\\/anut.org.br\\\/en\\\/#website\",\"url\":\"https:\\\/\\\/anut.org.br\\\/en\\\/\",\"name\":\"ANUT\",\"description\":\"Associa\u00e7\u00e3o Nacional dos Usu\u00e1rios do Transporte de Carga\",\"publisher\":{\"@id\":\"https:\\\/\\\/anut.org.br\\\/en\\\/#organization\"},\"potentialAction\":[{\"@type\":\"SearchAction\",\"target\":{\"@type\":\"EntryPoint\",\"urlTemplate\":\"https:\\\/\\\/anut.org.br\\\/en\\\/?s={search_term_string}\"},\"query-input\":{\"@type\":\"PropertyValueSpecification\",\"valueRequired\":true,\"valueName\":\"search_term_string\"}}],\"inLanguage\":\"en-US\"},{\"@type\":\"Organization\",\"@id\":\"https:\\\/\\\/anut.org.br\\\/en\\\/#organization\",\"name\":\"ANUT\",\"url\":\"https:\\\/\\\/anut.org.br\\\/en\\\/\",\"logo\":{\"@type\":\"ImageObject\",\"inLanguage\":\"en-US\",\"@id\":\"https:\\\/\\\/anut.org.br\\\/en\\\/#\\\/schema\\\/logo\\\/image\\\/\",\"url\":\"https:\\\/\\\/anut.org.br\\\/wp-content\\\/uploads\\\/2022\\\/02\\\/cropped-Anut-Logotipo.png\",\"contentUrl\":\"https:\\\/\\\/anut.org.br\\\/wp-content\\\/uploads\\\/2022\\\/02\\\/cropped-Anut-Logotipo.png\",\"width\":595,\"height\":184,\"caption\":\"ANUT\"},\"image\":{\"@id\":\"https:\\\/\\\/anut.org.br\\\/en\\\/#\\\/schema\\\/logo\\\/image\\\/\"}}]}<\/script>\n<!-- \/ Yoast SEO plugin. -->","yoast_head_json":{"title":"CTLOG - ANUT","robots":{"index":"index","follow":"follow","max-snippet":"max-snippet:-1","max-image-preview":"max-image-preview:large","max-video-preview":"max-video-preview:-1"},"canonical":"https:\/\/anut.org.br\/en\/permanent-forums\/ctlog\/","og_locale":"en_US","og_type":"article","og_title":"CTLOG - ANUT","og_description":"CTLOG &#8211; Thematic Chamber of Infrastructure and Logistics of the Ministry of Agriculture, Livestock and Supply History of the Chamber: The Thematic Chamber on Agribusiness Infrastructure and Logistics was set up on September 29, 2005, at the Pal\u00e1cio da Liberdade, in Belo Horizonte (MG), in the presence of the then Minister of Agriculture, Livestock and [&hellip;]","og_url":"https:\/\/anut.org.br\/en\/permanent-forums\/ctlog\/","og_site_name":"ANUT","article_modified_time":"2024-09-17T19:34:44+00:00","twitter_card":"summary_large_image","twitter_misc":{"Est. reading time":"1 minute"},"schema":{"@context":"https:\/\/schema.org","@graph":[{"@type":"WebPage","@id":"https:\/\/anut.org.br\/en\/permanent-forums\/ctlog\/","url":"https:\/\/anut.org.br\/en\/permanent-forums\/ctlog\/","name":"CTLOG - ANUT","isPartOf":{"@id":"https:\/\/anut.org.br\/en\/#website"},"datePublished":"2022-11-21T13:37:27+00:00","dateModified":"2024-09-17T19:34:44+00:00","breadcrumb":{"@id":"https:\/\/anut.org.br\/en\/permanent-forums\/ctlog\/#breadcrumb"},"inLanguage":"en-US","potentialAction":[{"@type":"ReadAction","target":["https:\/\/anut.org.br\/en\/permanent-forums\/ctlog\/"]}]},{"@type":"BreadcrumbList","@id":"https:\/\/anut.org.br\/en\/permanent-forums\/ctlog\/#breadcrumb","itemListElement":[{"@type":"ListItem","position":1,"name":"In\u00edcio","item":"https:\/\/anut.org.br\/en\/?page_id=63977"},{"@type":"ListItem","position":2,"name":"Permanent Forums","item":"https:\/\/anut.org.br\/en\/?page_id=63996"},{"@type":"ListItem","position":3,"name":"CTLOG"}]},{"@type":"WebSite","@id":"https:\/\/anut.org.br\/en\/#website","url":"https:\/\/anut.org.br\/en\/","name":"ANUT","description":"Associa\u00e7\u00e3o Nacional dos Usu\u00e1rios do Transporte de Carga","publisher":{"@id":"https:\/\/anut.org.br\/en\/#organization"},"potentialAction":[{"@type":"SearchAction","target":{"@type":"EntryPoint","urlTemplate":"https:\/\/anut.org.br\/en\/?s={search_term_string}"},"query-input":{"@type":"PropertyValueSpecification","valueRequired":true,"valueName":"search_term_string"}}],"inLanguage":"en-US"},{"@type":"Organization","@id":"https:\/\/anut.org.br\/en\/#organization","name":"ANUT","url":"https:\/\/anut.org.br\/en\/","logo":{"@type":"ImageObject","inLanguage":"en-US","@id":"https:\/\/anut.org.br\/en\/#\/schema\/logo\/image\/","url":"https:\/\/anut.org.br\/wp-content\/uploads\/2022\/02\/cropped-Anut-Logotipo.png","contentUrl":"https:\/\/anut.org.br\/wp-content\/uploads\/2022\/02\/cropped-Anut-Logotipo.png","width":595,"height":184,"caption":"ANUT"},"image":{"@id":"https:\/\/anut.org.br\/en\/#\/schema\/logo\/image\/"}}]}},"_links":{"self":[{"href":"https:\/\/anut.org.br\/en\/wp-json\/wp\/v2\/pages\/64054","targetHints":{"allow":["GET"]}}],"collection":[{"href":"https:\/\/anut.org.br\/en\/wp-json\/wp\/v2\/pages"}],"about":[{"href":"https:\/\/anut.org.br\/en\/wp-json\/wp\/v2\/types\/page"}],"author":[{"embeddable":true,"href":"https:\/\/anut.org.br\/en\/wp-json\/wp\/v2\/users\/8"}],"replies":[{"embeddable":true,"href":"https:\/\/anut.org.br\/en\/wp-json\/wp\/v2\/comments?post=64054"}],"version-history":[{"count":4,"href":"https:\/\/anut.org.br\/en\/wp-json\/wp\/v2\/pages\/64054\/revisions"}],"predecessor-version":[{"id":64066,"href":"https:\/\/anut.org.br\/en\/wp-json\/wp\/v2\/pages\/64054\/revisions\/64066"}],"up":[{"embeddable":true,"href":"https:\/\/anut.org.br\/en\/wp-json\/wp\/v2\/pages\/63996"}],"wp:attachment":[{"href":"https:\/\/anut.org.br\/en\/wp-json\/wp\/v2\/media?parent=64054"}],"curies":[{"name":"wp","href":"https:\/\/api.w.org\/{rel}","templated":true}]}}