{"id":64020,"date":"2022-11-21T10:42:53","date_gmt":"2022-11-21T13:42:53","guid":{"rendered":"https:\/\/anut.org.br\/permanent-forums\/permanent-forum-for-road-freight-transport\/"},"modified":"2024-09-17T16:34:44","modified_gmt":"2024-09-17T19:34:44","slug":"permanent-forum-for-road-freight-transport","status":"publish","type":"page","link":"https:\/\/anut.org.br\/en\/permanent-forums\/permanent-forum-for-road-freight-transport\/","title":{"rendered":"PERMANENT FORUM FOR ROAD FREIGHT TRANSPORT"},"content":{"rendered":"\t\t<div data-elementor-type=\"wp-page\" data-elementor-id=\"64020\" class=\"elementor elementor-64020 elementor-47566\" data-elementor-post-type=\"page\">\n\t\t\t\t<div class=\"elementor-element elementor-element-5007a9f e-flex e-con-boxed e-con e-parent\" data-id=\"5007a9f\" data-element_type=\"container\" data-settings=\"{&quot;background_background&quot;:&quot;classic&quot;,&quot;jet_parallax_layout_list&quot;:[]}\">\n\t\t\t\t\t<div class=\"e-con-inner\">\n\t\t\t\t<div class=\"elementor-element elementor-element-f70ba19 elementor-widget elementor-widget-heading\" data-id=\"f70ba19\" data-element_type=\"widget\" data-widget_type=\"heading.default\">\n\t\t\t\t<div class=\"elementor-widget-container\">\n\t\t\t<style>\/*! elementor - v3.23.0 - 05-08-2024 *\/\n.elementor-heading-title{padding:0;margin:0;line-height:1}.elementor-widget-heading .elementor-heading-title[class*=elementor-size-]>a{color:inherit;font-size:inherit;line-height:inherit}.elementor-widget-heading .elementor-heading-title.elementor-size-small{font-size:15px}.elementor-widget-heading .elementor-heading-title.elementor-size-medium{font-size:19px}.elementor-widget-heading .elementor-heading-title.elementor-size-large{font-size:29px}.elementor-widget-heading .elementor-heading-title.elementor-size-xl{font-size:39px}.elementor-widget-heading .elementor-heading-title.elementor-size-xxl{font-size:59px}<\/style><h1 class=\"elementor-heading-title elementor-size-default\">Permanent forum for road freight transport<\/h1>\t\t<\/div>\n\t\t\t\t<\/div>\n\t\t\t\t\t<\/div>\n\t\t\t\t<\/div>\n\t\t<div class=\"elementor-element elementor-element-25783f89 e-flex e-con-boxed e-con e-parent\" data-id=\"25783f89\" data-element_type=\"container\" data-settings=\"{&quot;jet_parallax_layout_list&quot;:[]}\">\n\t\t\t\t\t<div class=\"e-con-inner\">\n\t\t\t\t<div class=\"elementor-element elementor-element-3ea41753 elementor-widget elementor-widget-text-editor\" data-id=\"3ea41753\" data-element_type=\"widget\" data-widget_type=\"text-editor.default\">\n\t\t\t\t<div class=\"elementor-widget-container\">\n\t\t\t<style>\/*! elementor - v3.23.0 - 05-08-2024 *\/\n.elementor-widget-text-editor.elementor-drop-cap-view-stacked .elementor-drop-cap{background-color:#69727d;color:#fff}.elementor-widget-text-editor.elementor-drop-cap-view-framed .elementor-drop-cap{color:#69727d;border:3px solid;background-color:transparent}.elementor-widget-text-editor:not(.elementor-drop-cap-view-default) .elementor-drop-cap{margin-top:8px}.elementor-widget-text-editor:not(.elementor-drop-cap-view-default) .elementor-drop-cap-letter{width:1em;height:1em}.elementor-widget-text-editor .elementor-drop-cap{float:left;text-align:center;line-height:1;font-size:50px}.elementor-widget-text-editor .elementor-drop-cap-letter{display:inline-block}<\/style>\t\t\t\t\n<p>Forum history:<\/p>\n\n\n\n<p>The creation of the permanent Forum was one of the commitments resulting from the Dialogue Table that began on February 25 this year between the government and representatives of truck drivers and hauliers.<\/p>\n\n\n\n<p>The Forum is made up of representatives of the Ministry of Transport, the National Land Transport Agency (ANTT), the National Department of Transport Infrastructure (DNIT), and representatives of self-employed cargo carriers and cargo transportation companies and cargo shippers.<\/p>\n\n\n\n<p>More information:<\/p>\n\n\n\n<h5><a href=\"http:\/\/www.transportes.gov.br\/conteudo\/3317-sobre_oforum.html\" target=\"_blank\" rel=\"noreferrer noopener\">http:\/\/www.transportes.gov.br\/conteudo\/3317-sobre_oforum.html<\/a><\/h5>\n\t\t\t\t\t\t<\/div>\n\t\t\t\t<\/div>\n\t\t\t\t\t<\/div>\n\t\t\t\t<\/div>\n\t\t\t\t<\/div>\n\t\t","protected":false},"excerpt":{"rendered":"<p>Permanent forum for road freight transport Forum history: The creation of the permanent Forum was one of the commitments resulting from the Dialogue Table that began on February 25 this year between the government and representatives of truck drivers and hauliers. The Forum is made up of representatives of the Ministry of Transport, the National [&hellip;]<\/p>\n","protected":false},"author":8,"featured_media":0,"parent":63996,"menu_order":0,"comment_status":"closed","ping_status":"closed","template":"","meta":{"_acf_changed":false,"footnotes":""},"class_list":["post-64020","page","type-page","status-publish","hentry"],"acf":[],"yoast_head":"<!-- This site is optimized with the Yoast SEO plugin v27.3 - https:\/\/yoast.com\/product\/yoast-seo-wordpress\/ -->\n<title>PERMANENT FORUM FOR ROAD FREIGHT TRANSPORT - ANUT<\/title>\n<meta name=\"robots\" content=\"index, follow, max-snippet:-1, max-image-preview:large, max-video-preview:-1\" \/>\n<link rel=\"canonical\" href=\"https:\/\/anut.org.br\/en\/permanent-forums\/permanent-forum-for-road-freight-transport\/\" \/>\n<meta property=\"og:locale\" content=\"en_US\" \/>\n<meta property=\"og:type\" content=\"article\" \/>\n<meta property=\"og:title\" content=\"PERMANENT FORUM FOR ROAD FREIGHT TRANSPORT - ANUT\" \/>\n<meta property=\"og:description\" content=\"Permanent forum for road freight transport Forum history: The creation of the permanent Forum was one of the commitments resulting from the Dialogue Table that began on February 25 this year between the government and representatives of truck drivers and hauliers. The Forum is made up of representatives of the Ministry of Transport, the National [&hellip;]\" \/>\n<meta property=\"og:url\" content=\"https:\/\/anut.org.br\/en\/permanent-forums\/permanent-forum-for-road-freight-transport\/\" \/>\n<meta property=\"og:site_name\" content=\"ANUT\" \/>\n<meta property=\"article:modified_time\" content=\"2024-09-17T19:34:44+00:00\" \/>\n<meta name=\"twitter:card\" content=\"summary_large_image\" \/>\n<script type=\"application\/ld+json\" class=\"yoast-schema-graph\">{\"@context\":\"https:\\\/\\\/schema.org\",\"@graph\":[{\"@type\":\"WebPage\",\"@id\":\"https:\\\/\\\/anut.org.br\\\/en\\\/permanent-forums\\\/permanent-forum-for-road-freight-transport\\\/\",\"url\":\"https:\\\/\\\/anut.org.br\\\/en\\\/permanent-forums\\\/permanent-forum-for-road-freight-transport\\\/\",\"name\":\"PERMANENT FORUM FOR ROAD FREIGHT TRANSPORT - ANUT\",\"isPartOf\":{\"@id\":\"https:\\\/\\\/anut.org.br\\\/en\\\/#website\"},\"datePublished\":\"2022-11-21T13:42:53+00:00\",\"dateModified\":\"2024-09-17T19:34:44+00:00\",\"breadcrumb\":{\"@id\":\"https:\\\/\\\/anut.org.br\\\/en\\\/permanent-forums\\\/permanent-forum-for-road-freight-transport\\\/#breadcrumb\"},\"inLanguage\":\"en-US\",\"potentialAction\":[{\"@type\":\"ReadAction\",\"target\":[\"https:\\\/\\\/anut.org.br\\\/en\\\/permanent-forums\\\/permanent-forum-for-road-freight-transport\\\/\"]}]},{\"@type\":\"BreadcrumbList\",\"@id\":\"https:\\\/\\\/anut.org.br\\\/en\\\/permanent-forums\\\/permanent-forum-for-road-freight-transport\\\/#breadcrumb\",\"itemListElement\":[{\"@type\":\"ListItem\",\"position\":1,\"name\":\"In\u00edcio\",\"item\":\"https:\\\/\\\/anut.org.br\\\/en\\\/?page_id=63977\"},{\"@type\":\"ListItem\",\"position\":2,\"name\":\"Permanent Forums\",\"item\":\"https:\\\/\\\/anut.org.br\\\/en\\\/?page_id=63996\"},{\"@type\":\"ListItem\",\"position\":3,\"name\":\"PERMANENT FORUM FOR ROAD FREIGHT TRANSPORT\"}]},{\"@type\":\"WebSite\",\"@id\":\"https:\\\/\\\/anut.org.br\\\/en\\\/#website\",\"url\":\"https:\\\/\\\/anut.org.br\\\/en\\\/\",\"name\":\"ANUT\",\"description\":\"Associa\u00e7\u00e3o Nacional dos Usu\u00e1rios do Transporte de Carga\",\"publisher\":{\"@id\":\"https:\\\/\\\/anut.org.br\\\/en\\\/#organization\"},\"potentialAction\":[{\"@type\":\"SearchAction\",\"target\":{\"@type\":\"EntryPoint\",\"urlTemplate\":\"https:\\\/\\\/anut.org.br\\\/en\\\/?s={search_term_string}\"},\"query-input\":{\"@type\":\"PropertyValueSpecification\",\"valueRequired\":true,\"valueName\":\"search_term_string\"}}],\"inLanguage\":\"en-US\"},{\"@type\":\"Organization\",\"@id\":\"https:\\\/\\\/anut.org.br\\\/en\\\/#organization\",\"name\":\"ANUT\",\"url\":\"https:\\\/\\\/anut.org.br\\\/en\\\/\",\"logo\":{\"@type\":\"ImageObject\",\"inLanguage\":\"en-US\",\"@id\":\"https:\\\/\\\/anut.org.br\\\/en\\\/#\\\/schema\\\/logo\\\/image\\\/\",\"url\":\"https:\\\/\\\/anut.org.br\\\/wp-content\\\/uploads\\\/2022\\\/02\\\/cropped-Anut-Logotipo.png\",\"contentUrl\":\"https:\\\/\\\/anut.org.br\\\/wp-content\\\/uploads\\\/2022\\\/02\\\/cropped-Anut-Logotipo.png\",\"width\":595,\"height\":184,\"caption\":\"ANUT\"},\"image\":{\"@id\":\"https:\\\/\\\/anut.org.br\\\/en\\\/#\\\/schema\\\/logo\\\/image\\\/\"}}]}<\/script>\n<!-- \/ Yoast SEO plugin. -->","yoast_head_json":{"title":"PERMANENT FORUM FOR ROAD FREIGHT TRANSPORT - ANUT","robots":{"index":"index","follow":"follow","max-snippet":"max-snippet:-1","max-image-preview":"max-image-preview:large","max-video-preview":"max-video-preview:-1"},"canonical":"https:\/\/anut.org.br\/en\/permanent-forums\/permanent-forum-for-road-freight-transport\/","og_locale":"en_US","og_type":"article","og_title":"PERMANENT FORUM FOR ROAD FREIGHT TRANSPORT - ANUT","og_description":"Permanent forum for road freight transport Forum history: The creation of the permanent Forum was one of the commitments resulting from the Dialogue Table that began on February 25 this year between the government and representatives of truck drivers and hauliers. The Forum is made up of representatives of the Ministry of Transport, the National [&hellip;]","og_url":"https:\/\/anut.org.br\/en\/permanent-forums\/permanent-forum-for-road-freight-transport\/","og_site_name":"ANUT","article_modified_time":"2024-09-17T19:34:44+00:00","twitter_card":"summary_large_image","schema":{"@context":"https:\/\/schema.org","@graph":[{"@type":"WebPage","@id":"https:\/\/anut.org.br\/en\/permanent-forums\/permanent-forum-for-road-freight-transport\/","url":"https:\/\/anut.org.br\/en\/permanent-forums\/permanent-forum-for-road-freight-transport\/","name":"PERMANENT FORUM FOR ROAD FREIGHT TRANSPORT - ANUT","isPartOf":{"@id":"https:\/\/anut.org.br\/en\/#website"},"datePublished":"2022-11-21T13:42:53+00:00","dateModified":"2024-09-17T19:34:44+00:00","breadcrumb":{"@id":"https:\/\/anut.org.br\/en\/permanent-forums\/permanent-forum-for-road-freight-transport\/#breadcrumb"},"inLanguage":"en-US","potentialAction":[{"@type":"ReadAction","target":["https:\/\/anut.org.br\/en\/permanent-forums\/permanent-forum-for-road-freight-transport\/"]}]},{"@type":"BreadcrumbList","@id":"https:\/\/anut.org.br\/en\/permanent-forums\/permanent-forum-for-road-freight-transport\/#breadcrumb","itemListElement":[{"@type":"ListItem","position":1,"name":"In\u00edcio","item":"https:\/\/anut.org.br\/en\/?page_id=63977"},{"@type":"ListItem","position":2,"name":"Permanent Forums","item":"https:\/\/anut.org.br\/en\/?page_id=63996"},{"@type":"ListItem","position":3,"name":"PERMANENT FORUM FOR ROAD FREIGHT TRANSPORT"}]},{"@type":"WebSite","@id":"https:\/\/anut.org.br\/en\/#website","url":"https:\/\/anut.org.br\/en\/","name":"ANUT","description":"Associa\u00e7\u00e3o Nacional dos Usu\u00e1rios do Transporte de Carga","publisher":{"@id":"https:\/\/anut.org.br\/en\/#organization"},"potentialAction":[{"@type":"SearchAction","target":{"@type":"EntryPoint","urlTemplate":"https:\/\/anut.org.br\/en\/?s={search_term_string}"},"query-input":{"@type":"PropertyValueSpecification","valueRequired":true,"valueName":"search_term_string"}}],"inLanguage":"en-US"},{"@type":"Organization","@id":"https:\/\/anut.org.br\/en\/#organization","name":"ANUT","url":"https:\/\/anut.org.br\/en\/","logo":{"@type":"ImageObject","inLanguage":"en-US","@id":"https:\/\/anut.org.br\/en\/#\/schema\/logo\/image\/","url":"https:\/\/anut.org.br\/wp-content\/uploads\/2022\/02\/cropped-Anut-Logotipo.png","contentUrl":"https:\/\/anut.org.br\/wp-content\/uploads\/2022\/02\/cropped-Anut-Logotipo.png","width":595,"height":184,"caption":"ANUT"},"image":{"@id":"https:\/\/anut.org.br\/en\/#\/schema\/logo\/image\/"}}]}},"_links":{"self":[{"href":"https:\/\/anut.org.br\/en\/wp-json\/wp\/v2\/pages\/64020","targetHints":{"allow":["GET"]}}],"collection":[{"href":"https:\/\/anut.org.br\/en\/wp-json\/wp\/v2\/pages"}],"about":[{"href":"https:\/\/anut.org.br\/en\/wp-json\/wp\/v2\/types\/page"}],"author":[{"embeddable":true,"href":"https:\/\/anut.org.br\/en\/wp-json\/wp\/v2\/users\/8"}],"replies":[{"embeddable":true,"href":"https:\/\/anut.org.br\/en\/wp-json\/wp\/v2\/comments?post=64020"}],"version-history":[{"count":8,"href":"https:\/\/anut.org.br\/en\/wp-json\/wp\/v2\/pages\/64020\/revisions"}],"predecessor-version":[{"id":64062,"href":"https:\/\/anut.org.br\/en\/wp-json\/wp\/v2\/pages\/64020\/revisions\/64062"}],"up":[{"embeddable":true,"href":"https:\/\/anut.org.br\/en\/wp-json\/wp\/v2\/pages\/63996"}],"wp:attachment":[{"href":"https:\/\/anut.org.br\/en\/wp-json\/wp\/v2\/media?parent=64020"}],"curies":[{"name":"wp","href":"https:\/\/api.w.org\/{rel}","templated":true}]}}