{"id":64009,"date":"2022-11-21T10:27:53","date_gmt":"2022-11-21T13:27:53","guid":{"rendered":"https:\/\/anut.org.br\/what-we-do\/interrelationships\/"},"modified":"2024-09-17T16:34:42","modified_gmt":"2024-09-17T19:34:42","slug":"interrelationships","status":"publish","type":"page","link":"https:\/\/anut.org.br\/en\/what-we-do\/interrelationships\/","title":{"rendered":"Interrelationships"},"content":{"rendered":"\t\t<div data-elementor-type=\"wp-page\" data-elementor-id=\"64009\" class=\"elementor elementor-64009 elementor-47548\" data-elementor-post-type=\"page\">\n\t\t\t\t<div class=\"elementor-element elementor-element-e560fed e-flex e-con-boxed e-con e-parent\" data-id=\"e560fed\" data-element_type=\"container\" data-settings=\"{&quot;background_background&quot;:&quot;classic&quot;,&quot;jet_parallax_layout_list&quot;:[]}\">\n\t\t\t\t\t<div class=\"e-con-inner\">\n\t\t\t\t<div class=\"elementor-element elementor-element-240ee6c elementor-widget elementor-widget-heading\" data-id=\"240ee6c\" data-element_type=\"widget\" data-widget_type=\"heading.default\">\n\t\t\t\t<div class=\"elementor-widget-container\">\n\t\t\t<style>\/*! elementor - v3.23.0 - 05-08-2024 *\/\n.elementor-heading-title{padding:0;margin:0;line-height:1}.elementor-widget-heading .elementor-heading-title[class*=elementor-size-]>a{color:inherit;font-size:inherit;line-height:inherit}.elementor-widget-heading .elementor-heading-title.elementor-size-small{font-size:15px}.elementor-widget-heading .elementor-heading-title.elementor-size-medium{font-size:19px}.elementor-widget-heading .elementor-heading-title.elementor-size-large{font-size:29px}.elementor-widget-heading .elementor-heading-title.elementor-size-xl{font-size:39px}.elementor-widget-heading .elementor-heading-title.elementor-size-xxl{font-size:59px}<\/style><h1 class=\"elementor-heading-title elementor-size-default\">Interrelationships<\/h1>\t\t<\/div>\n\t\t\t\t<\/div>\n\t\t\t\t\t<\/div>\n\t\t\t\t<\/div>\n\t\t<div class=\"elementor-element elementor-element-3133fc6f elementor-hidden-desktop elementor-hidden-tablet elementor-hidden-mobile e-flex e-con-boxed e-con e-parent\" data-id=\"3133fc6f\" data-element_type=\"container\" data-settings=\"{&quot;jet_parallax_layout_list&quot;:[]}\">\n\t\t\t\t\t<div class=\"e-con-inner\">\n\t\t\t\t<div class=\"elementor-element elementor-element-514a65be elementor-widget elementor-widget-text-editor\" data-id=\"514a65be\" data-element_type=\"widget\" data-widget_type=\"text-editor.default\">\n\t\t\t\t<div class=\"elementor-widget-container\">\n\t\t\t<style>\/*! elementor - v3.23.0 - 05-08-2024 *\/\n.elementor-widget-text-editor.elementor-drop-cap-view-stacked .elementor-drop-cap{background-color:#69727d;color:#fff}.elementor-widget-text-editor.elementor-drop-cap-view-framed .elementor-drop-cap{color:#69727d;border:3px solid;background-color:transparent}.elementor-widget-text-editor:not(.elementor-drop-cap-view-default) .elementor-drop-cap{margin-top:8px}.elementor-widget-text-editor:not(.elementor-drop-cap-view-default) .elementor-drop-cap-letter{width:1em;height:1em}.elementor-widget-text-editor .elementor-drop-cap{float:left;text-align:center;line-height:1;font-size:50px}.elementor-widget-text-editor .elementor-drop-cap-letter{display:inline-block}<\/style>\t\t\t\t\n<ul>\n<li>Federal Executive<br><br><\/li>\n<li>National Congress<br><br><\/li>\n<li>Judiciary<br><br><\/li>\n<li>Regulatory agencies<br><br><\/li>\n<li>State executives<br><br><\/li>\n<li>Development Banks<br><br><\/li>\n<li>Business Entities and Movements<br><br><\/li>\n<li>Consulting firms<br><br><\/li>\n<li>Press<br><br><\/li>\n<li>Dealerships and Op.\nLogistics <br><br><\/li>\n<li>Confederations and Federations<\/li>\n<\/ul>\n\t\t\t\t\t\t<\/div>\n\t\t\t\t<\/div>\n\t\t\t\t\t<\/div>\n\t\t\t\t<\/div>\n\t\t<div class=\"elementor-element elementor-element-c5a1aaa e-flex e-con-boxed e-con e-parent\" data-id=\"c5a1aaa\" data-element_type=\"container\" data-settings=\"{&quot;jet_parallax_layout_list&quot;:[]}\">\n\t\t\t\t\t<div class=\"e-con-inner\">\n\t\t\t\t<div class=\"elementor-element elementor-element-7a832c8 elementor-widget elementor-widget-image\" data-id=\"7a832c8\" data-element_type=\"widget\" data-widget_type=\"image.default\">\n\t\t\t\t<div class=\"elementor-widget-container\">\n\t\t\t\t\t\t\t\t\t\t\t\t\t<img fetchpriority=\"high\" decoding=\"async\" width=\"800\" height=\"448\" src=\"https:\/\/anut.org.br\/wp-content\/uploads\/2024\/08\/anut-inter-relacoes-1024x573.png\" class=\"attachment-large size-large wp-image-62075\" alt=\"\" srcset=\"https:\/\/anut.org.br\/wp-content\/uploads\/2024\/08\/anut-inter-relacoes-1024x573.png 1024w, https:\/\/anut.org.br\/wp-content\/uploads\/2024\/08\/anut-inter-relacoes-300x168.png 300w, https:\/\/anut.org.br\/wp-content\/uploads\/2024\/08\/anut-inter-relacoes-768x430.png 768w, https:\/\/anut.org.br\/wp-content\/uploads\/2024\/08\/anut-inter-relacoes.png 1080w\" sizes=\"(max-width: 800px) 100vw, 800px\" \/>\t\t\t\t\t\t\t\t\t\t\t\t\t<\/div>\n\t\t\t\t<\/div>\n\t\t\t\t\t<\/div>\n\t\t\t\t<\/div>\n\t\t\t\t<\/div>\n\t\t","protected":false},"excerpt":{"rendered":"<p>Interrelationships Federal Executive National Congress Judiciary Regulatory agencies State executives Development Banks Business Entities and Movements Consulting firms Press Dealerships and Op. Logistics Confederations and Federations<\/p>\n","protected":false},"author":8,"featured_media":0,"parent":64001,"menu_order":0,"comment_status":"closed","ping_status":"closed","template":"","meta":{"_acf_changed":false,"footnotes":""},"class_list":["post-64009","page","type-page","status-publish","hentry"],"acf":[],"yoast_head":"<!-- This site is optimized with the Yoast SEO plugin v27.3 - https:\/\/yoast.com\/product\/yoast-seo-wordpress\/ -->\n<title>Interrelationships - ANUT<\/title>\n<meta name=\"robots\" content=\"index, follow, max-snippet:-1, max-image-preview:large, max-video-preview:-1\" \/>\n<link rel=\"canonical\" href=\"https:\/\/anut.org.br\/en\/what-we-do\/interrelationships\/\" \/>\n<meta property=\"og:locale\" content=\"en_US\" \/>\n<meta property=\"og:type\" content=\"article\" \/>\n<meta property=\"og:title\" content=\"Interrelationships - ANUT\" \/>\n<meta property=\"og:description\" content=\"Interrelationships Federal Executive National Congress Judiciary Regulatory agencies State executives Development Banks Business Entities and Movements Consulting firms Press Dealerships and Op. Logistics Confederations and Federations\" \/>\n<meta property=\"og:url\" content=\"https:\/\/anut.org.br\/en\/what-we-do\/interrelationships\/\" \/>\n<meta property=\"og:site_name\" content=\"ANUT\" \/>\n<meta property=\"article:modified_time\" content=\"2024-09-17T19:34:42+00:00\" \/>\n<meta property=\"og:image\" content=\"https:\/\/anut.org.br\/wp-content\/uploads\/2024\/08\/anut-inter-relacoes-1024x573.png\" \/>\n<meta name=\"twitter:card\" content=\"summary_large_image\" \/>\n<script type=\"application\/ld+json\" class=\"yoast-schema-graph\">{\"@context\":\"https:\\\/\\\/schema.org\",\"@graph\":[{\"@type\":\"WebPage\",\"@id\":\"https:\\\/\\\/anut.org.br\\\/en\\\/what-we-do\\\/interrelationships\\\/\",\"url\":\"https:\\\/\\\/anut.org.br\\\/en\\\/what-we-do\\\/interrelationships\\\/\",\"name\":\"Interrelationships - ANUT\",\"isPartOf\":{\"@id\":\"https:\\\/\\\/anut.org.br\\\/en\\\/#website\"},\"primaryImageOfPage\":{\"@id\":\"https:\\\/\\\/anut.org.br\\\/en\\\/what-we-do\\\/interrelationships\\\/#primaryimage\"},\"image\":{\"@id\":\"https:\\\/\\\/anut.org.br\\\/en\\\/what-we-do\\\/interrelationships\\\/#primaryimage\"},\"thumbnailUrl\":\"https:\\\/\\\/anut.org.br\\\/wp-content\\\/uploads\\\/2024\\\/08\\\/anut-inter-relacoes-1024x573.png\",\"datePublished\":\"2022-11-21T13:27:53+00:00\",\"dateModified\":\"2024-09-17T19:34:42+00:00\",\"breadcrumb\":{\"@id\":\"https:\\\/\\\/anut.org.br\\\/en\\\/what-we-do\\\/interrelationships\\\/#breadcrumb\"},\"inLanguage\":\"en-US\",\"potentialAction\":[{\"@type\":\"ReadAction\",\"target\":[\"https:\\\/\\\/anut.org.br\\\/en\\\/what-we-do\\\/interrelationships\\\/\"]}]},{\"@type\":\"ImageObject\",\"inLanguage\":\"en-US\",\"@id\":\"https:\\\/\\\/anut.org.br\\\/en\\\/what-we-do\\\/interrelationships\\\/#primaryimage\",\"url\":\"https:\\\/\\\/anut.org.br\\\/wp-content\\\/uploads\\\/2024\\\/08\\\/anut-inter-relacoes-1024x573.png\",\"contentUrl\":\"https:\\\/\\\/anut.org.br\\\/wp-content\\\/uploads\\\/2024\\\/08\\\/anut-inter-relacoes-1024x573.png\"},{\"@type\":\"BreadcrumbList\",\"@id\":\"https:\\\/\\\/anut.org.br\\\/en\\\/what-we-do\\\/interrelationships\\\/#breadcrumb\",\"itemListElement\":[{\"@type\":\"ListItem\",\"position\":1,\"name\":\"In\u00edcio\",\"item\":\"https:\\\/\\\/anut.org.br\\\/en\\\/?page_id=63977\"},{\"@type\":\"ListItem\",\"position\":2,\"name\":\"What we do\",\"item\":\"https:\\\/\\\/anut.org.br\\\/en\\\/?page_id=64001\"},{\"@type\":\"ListItem\",\"position\":3,\"name\":\"Interrelationships\"}]},{\"@type\":\"WebSite\",\"@id\":\"https:\\\/\\\/anut.org.br\\\/en\\\/#website\",\"url\":\"https:\\\/\\\/anut.org.br\\\/en\\\/\",\"name\":\"ANUT\",\"description\":\"Associa\u00e7\u00e3o Nacional dos Usu\u00e1rios do Transporte de Carga\",\"publisher\":{\"@id\":\"https:\\\/\\\/anut.org.br\\\/en\\\/#organization\"},\"potentialAction\":[{\"@type\":\"SearchAction\",\"target\":{\"@type\":\"EntryPoint\",\"urlTemplate\":\"https:\\\/\\\/anut.org.br\\\/en\\\/?s={search_term_string}\"},\"query-input\":{\"@type\":\"PropertyValueSpecification\",\"valueRequired\":true,\"valueName\":\"search_term_string\"}}],\"inLanguage\":\"en-US\"},{\"@type\":\"Organization\",\"@id\":\"https:\\\/\\\/anut.org.br\\\/en\\\/#organization\",\"name\":\"ANUT\",\"url\":\"https:\\\/\\\/anut.org.br\\\/en\\\/\",\"logo\":{\"@type\":\"ImageObject\",\"inLanguage\":\"en-US\",\"@id\":\"https:\\\/\\\/anut.org.br\\\/en\\\/#\\\/schema\\\/logo\\\/image\\\/\",\"url\":\"https:\\\/\\\/anut.org.br\\\/wp-content\\\/uploads\\\/2022\\\/02\\\/cropped-Anut-Logotipo.png\",\"contentUrl\":\"https:\\\/\\\/anut.org.br\\\/wp-content\\\/uploads\\\/2022\\\/02\\\/cropped-Anut-Logotipo.png\",\"width\":595,\"height\":184,\"caption\":\"ANUT\"},\"image\":{\"@id\":\"https:\\\/\\\/anut.org.br\\\/en\\\/#\\\/schema\\\/logo\\\/image\\\/\"}}]}<\/script>\n<!-- \/ Yoast SEO plugin. -->","yoast_head_json":{"title":"Interrelationships - ANUT","robots":{"index":"index","follow":"follow","max-snippet":"max-snippet:-1","max-image-preview":"max-image-preview:large","max-video-preview":"max-video-preview:-1"},"canonical":"https:\/\/anut.org.br\/en\/what-we-do\/interrelationships\/","og_locale":"en_US","og_type":"article","og_title":"Interrelationships - ANUT","og_description":"Interrelationships Federal Executive National Congress Judiciary Regulatory agencies State executives Development Banks Business Entities and Movements Consulting firms Press Dealerships and Op. Logistics Confederations and Federations","og_url":"https:\/\/anut.org.br\/en\/what-we-do\/interrelationships\/","og_site_name":"ANUT","article_modified_time":"2024-09-17T19:34:42+00:00","og_image":[{"url":"https:\/\/anut.org.br\/wp-content\/uploads\/2024\/08\/anut-inter-relacoes-1024x573.png","type":"","width":"","height":""}],"twitter_card":"summary_large_image","schema":{"@context":"https:\/\/schema.org","@graph":[{"@type":"WebPage","@id":"https:\/\/anut.org.br\/en\/what-we-do\/interrelationships\/","url":"https:\/\/anut.org.br\/en\/what-we-do\/interrelationships\/","name":"Interrelationships - ANUT","isPartOf":{"@id":"https:\/\/anut.org.br\/en\/#website"},"primaryImageOfPage":{"@id":"https:\/\/anut.org.br\/en\/what-we-do\/interrelationships\/#primaryimage"},"image":{"@id":"https:\/\/anut.org.br\/en\/what-we-do\/interrelationships\/#primaryimage"},"thumbnailUrl":"https:\/\/anut.org.br\/wp-content\/uploads\/2024\/08\/anut-inter-relacoes-1024x573.png","datePublished":"2022-11-21T13:27:53+00:00","dateModified":"2024-09-17T19:34:42+00:00","breadcrumb":{"@id":"https:\/\/anut.org.br\/en\/what-we-do\/interrelationships\/#breadcrumb"},"inLanguage":"en-US","potentialAction":[{"@type":"ReadAction","target":["https:\/\/anut.org.br\/en\/what-we-do\/interrelationships\/"]}]},{"@type":"ImageObject","inLanguage":"en-US","@id":"https:\/\/anut.org.br\/en\/what-we-do\/interrelationships\/#primaryimage","url":"https:\/\/anut.org.br\/wp-content\/uploads\/2024\/08\/anut-inter-relacoes-1024x573.png","contentUrl":"https:\/\/anut.org.br\/wp-content\/uploads\/2024\/08\/anut-inter-relacoes-1024x573.png"},{"@type":"BreadcrumbList","@id":"https:\/\/anut.org.br\/en\/what-we-do\/interrelationships\/#breadcrumb","itemListElement":[{"@type":"ListItem","position":1,"name":"In\u00edcio","item":"https:\/\/anut.org.br\/en\/?page_id=63977"},{"@type":"ListItem","position":2,"name":"What we do","item":"https:\/\/anut.org.br\/en\/?page_id=64001"},{"@type":"ListItem","position":3,"name":"Interrelationships"}]},{"@type":"WebSite","@id":"https:\/\/anut.org.br\/en\/#website","url":"https:\/\/anut.org.br\/en\/","name":"ANUT","description":"Associa\u00e7\u00e3o Nacional dos Usu\u00e1rios do Transporte de Carga","publisher":{"@id":"https:\/\/anut.org.br\/en\/#organization"},"potentialAction":[{"@type":"SearchAction","target":{"@type":"EntryPoint","urlTemplate":"https:\/\/anut.org.br\/en\/?s={search_term_string}"},"query-input":{"@type":"PropertyValueSpecification","valueRequired":true,"valueName":"search_term_string"}}],"inLanguage":"en-US"},{"@type":"Organization","@id":"https:\/\/anut.org.br\/en\/#organization","name":"ANUT","url":"https:\/\/anut.org.br\/en\/","logo":{"@type":"ImageObject","inLanguage":"en-US","@id":"https:\/\/anut.org.br\/en\/#\/schema\/logo\/image\/","url":"https:\/\/anut.org.br\/wp-content\/uploads\/2022\/02\/cropped-Anut-Logotipo.png","contentUrl":"https:\/\/anut.org.br\/wp-content\/uploads\/2022\/02\/cropped-Anut-Logotipo.png","width":595,"height":184,"caption":"ANUT"},"image":{"@id":"https:\/\/anut.org.br\/en\/#\/schema\/logo\/image\/"}}]}},"_links":{"self":[{"href":"https:\/\/anut.org.br\/en\/wp-json\/wp\/v2\/pages\/64009","targetHints":{"allow":["GET"]}}],"collection":[{"href":"https:\/\/anut.org.br\/en\/wp-json\/wp\/v2\/pages"}],"about":[{"href":"https:\/\/anut.org.br\/en\/wp-json\/wp\/v2\/types\/page"}],"author":[{"embeddable":true,"href":"https:\/\/anut.org.br\/en\/wp-json\/wp\/v2\/users\/8"}],"replies":[{"embeddable":true,"href":"https:\/\/anut.org.br\/en\/wp-json\/wp\/v2\/comments?post=64009"}],"version-history":[{"count":8,"href":"https:\/\/anut.org.br\/en\/wp-json\/wp\/v2\/pages\/64009\/revisions"}],"predecessor-version":[{"id":64051,"href":"https:\/\/anut.org.br\/en\/wp-json\/wp\/v2\/pages\/64009\/revisions\/64051"}],"up":[{"embeddable":true,"href":"https:\/\/anut.org.br\/en\/wp-json\/wp\/v2\/pages\/64001"}],"wp:attachment":[{"href":"https:\/\/anut.org.br\/en\/wp-json\/wp\/v2\/media?parent=64009"}],"curies":[{"name":"wp","href":"https:\/\/api.w.org\/{rel}","templated":true}]}}