{"id":63996,"date":"2022-11-21T10:35:51","date_gmt":"2022-11-21T13:35:51","guid":{"rendered":"https:\/\/anut.org.br\/permanent-forums\/"},"modified":"2024-09-17T16:34:42","modified_gmt":"2024-09-17T19:34:42","slug":"permanent-forums","status":"publish","type":"page","link":"https:\/\/anut.org.br\/en\/permanent-forums\/","title":{"rendered":"Permanent Forums"},"content":{"rendered":"\t\t<div data-elementor-type=\"wp-page\" data-elementor-id=\"63996\" class=\"elementor elementor-63996 elementor-47555\" data-elementor-post-type=\"page\">\n\t\t\t\t<div class=\"elementor-element elementor-element-e30e27a e-flex e-con-boxed e-con e-parent\" data-id=\"e30e27a\" data-element_type=\"container\" data-settings=\"{&quot;background_background&quot;:&quot;classic&quot;,&quot;jet_parallax_layout_list&quot;:[]}\">\n\t\t\t\t\t<div class=\"e-con-inner\">\n\t\t\t\t<div class=\"elementor-element elementor-element-ad5ca37 elementor-widget elementor-widget-heading\" data-id=\"ad5ca37\" data-element_type=\"widget\" data-widget_type=\"heading.default\">\n\t\t\t\t<div class=\"elementor-widget-container\">\n\t\t\t<style>\/*! elementor - v3.23.0 - 05-08-2024 *\/\n.elementor-heading-title{padding:0;margin:0;line-height:1}.elementor-widget-heading .elementor-heading-title[class*=elementor-size-]>a{color:inherit;font-size:inherit;line-height:inherit}.elementor-widget-heading .elementor-heading-title.elementor-size-small{font-size:15px}.elementor-widget-heading .elementor-heading-title.elementor-size-medium{font-size:19px}.elementor-widget-heading .elementor-heading-title.elementor-size-large{font-size:29px}.elementor-widget-heading .elementor-heading-title.elementor-size-xl{font-size:39px}.elementor-widget-heading .elementor-heading-title.elementor-size-xxl{font-size:59px}<\/style><h1 class=\"elementor-heading-title elementor-size-default\">Permanent Forums<\/h1>\t\t<\/div>\n\t\t\t\t<\/div>\n\t\t\t\t\t<\/div>\n\t\t\t\t<\/div>\n\t\t<div class=\"elementor-element elementor-element-13c6c146 e-flex e-con-boxed e-con e-parent\" data-id=\"13c6c146\" data-element_type=\"container\" data-settings=\"{&quot;jet_parallax_layout_list&quot;:[]}\">\n\t\t\t\t\t<div class=\"e-con-inner\">\n\t\t\t\t<div class=\"elementor-element elementor-element-2aabcd0 elementor-widget elementor-widget-heading\" data-id=\"2aabcd0\" data-element_type=\"widget\" data-widget_type=\"heading.default\">\n\t\t\t\t<div class=\"elementor-widget-container\">\n\t\t\t<h4 class=\"elementor-heading-title elementor-size-default\">CTLog - MAPA's Thematic Chamber on Logistics  <\/h4>\t\t<\/div>\n\t\t\t\t<\/div>\n\t\t\t\t<div class=\"elementor-element elementor-element-6d3829f elementor-widget-divider--view-line elementor-widget elementor-widget-divider\" data-id=\"6d3829f\" data-element_type=\"widget\" data-widget_type=\"divider.default\">\n\t\t\t\t<div class=\"elementor-widget-container\">\n\t\t\t<style>\/*! elementor - v3.23.0 - 05-08-2024 *\/\n.elementor-widget-divider{--divider-border-style:none;--divider-border-width:1px;--divider-color:#0c0d0e;--divider-icon-size:20px;--divider-element-spacing:10px;--divider-pattern-height:24px;--divider-pattern-size:20px;--divider-pattern-url:none;--divider-pattern-repeat:repeat-x}.elementor-widget-divider .elementor-divider{display:flex}.elementor-widget-divider .elementor-divider__text{font-size:15px;line-height:1;max-width:95%}.elementor-widget-divider .elementor-divider__element{margin:0 var(--divider-element-spacing);flex-shrink:0}.elementor-widget-divider .elementor-icon{font-size:var(--divider-icon-size)}.elementor-widget-divider .elementor-divider-separator{display:flex;margin:0;direction:ltr}.elementor-widget-divider--view-line_icon .elementor-divider-separator,.elementor-widget-divider--view-line_text .elementor-divider-separator{align-items:center}.elementor-widget-divider--view-line_icon .elementor-divider-separator:after,.elementor-widget-divider--view-line_icon .elementor-divider-separator:before,.elementor-widget-divider--view-line_text .elementor-divider-separator:after,.elementor-widget-divider--view-line_text .elementor-divider-separator:before{display:block;content:\"\";border-block-end:0;flex-grow:1;border-block-start:var(--divider-border-width) var(--divider-border-style) var(--divider-color)}.elementor-widget-divider--element-align-left .elementor-divider .elementor-divider-separator>.elementor-divider__svg:first-of-type{flex-grow:0;flex-shrink:100}.elementor-widget-divider--element-align-left .elementor-divider-separator:before{content:none}.elementor-widget-divider--element-align-left .elementor-divider__element{margin-left:0}.elementor-widget-divider--element-align-right .elementor-divider .elementor-divider-separator>.elementor-divider__svg:last-of-type{flex-grow:0;flex-shrink:100}.elementor-widget-divider--element-align-right .elementor-divider-separator:after{content:none}.elementor-widget-divider--element-align-right .elementor-divider__element{margin-right:0}.elementor-widget-divider--element-align-start .elementor-divider .elementor-divider-separator>.elementor-divider__svg:first-of-type{flex-grow:0;flex-shrink:100}.elementor-widget-divider--element-align-start .elementor-divider-separator:before{content:none}.elementor-widget-divider--element-align-start .elementor-divider__element{margin-inline-start:0}.elementor-widget-divider--element-align-end .elementor-divider .elementor-divider-separator>.elementor-divider__svg:last-of-type{flex-grow:0;flex-shrink:100}.elementor-widget-divider--element-align-end .elementor-divider-separator:after{content:none}.elementor-widget-divider--element-align-end .elementor-divider__element{margin-inline-end:0}.elementor-widget-divider:not(.elementor-widget-divider--view-line_text):not(.elementor-widget-divider--view-line_icon) .elementor-divider-separator{border-block-start:var(--divider-border-width) var(--divider-border-style) var(--divider-color)}.elementor-widget-divider--separator-type-pattern{--divider-border-style:none}.elementor-widget-divider--separator-type-pattern.elementor-widget-divider--view-line .elementor-divider-separator,.elementor-widget-divider--separator-type-pattern:not(.elementor-widget-divider--view-line) .elementor-divider-separator:after,.elementor-widget-divider--separator-type-pattern:not(.elementor-widget-divider--view-line) .elementor-divider-separator:before,.elementor-widget-divider--separator-type-pattern:not([class*=elementor-widget-divider--view]) .elementor-divider-separator{width:100%;min-height:var(--divider-pattern-height);-webkit-mask-size:var(--divider-pattern-size) 100%;mask-size:var(--divider-pattern-size) 100%;-webkit-mask-repeat:var(--divider-pattern-repeat);mask-repeat:var(--divider-pattern-repeat);background-color:var(--divider-color);-webkit-mask-image:var(--divider-pattern-url);mask-image:var(--divider-pattern-url)}.elementor-widget-divider--no-spacing{--divider-pattern-size:auto}.elementor-widget-divider--bg-round{--divider-pattern-repeat:round}.rtl .elementor-widget-divider .elementor-divider__text{direction:rtl}.e-con-inner>.elementor-widget-divider,.e-con>.elementor-widget-divider{width:var(--container-widget-width,100%);--flex-grow:var(--container-widget-flex-grow)}<\/style>\t\t<div class=\"elementor-divider\">\n\t\t\t<span class=\"elementor-divider-separator\">\n\t\t\t\t\t\t<\/span>\n\t\t<\/div>\n\t\t\t\t<\/div>\n\t\t\t\t<\/div>\n\t\t\t\t<div class=\"elementor-element elementor-element-59fcabb elementor-widget elementor-widget-heading\" data-id=\"59fcabb\" data-element_type=\"widget\" data-widget_type=\"heading.default\">\n\t\t\t\t<div class=\"elementor-widget-container\">\n\t\t\t<h4 class=\"elementor-heading-title elementor-size-default\">COINFRA \/ CNI - Infrastructure Council of the National Confederation of Industry<\/h4>\t\t<\/div>\n\t\t\t\t<\/div>\n\t\t\t\t<div class=\"elementor-element elementor-element-b8b5bb9 elementor-widget-divider--view-line elementor-widget elementor-widget-divider\" data-id=\"b8b5bb9\" data-element_type=\"widget\" data-widget_type=\"divider.default\">\n\t\t\t\t<div class=\"elementor-widget-container\">\n\t\t\t\t\t<div class=\"elementor-divider\">\n\t\t\t<span class=\"elementor-divider-separator\">\n\t\t\t\t\t\t<\/span>\n\t\t<\/div>\n\t\t\t\t<\/div>\n\t\t\t\t<\/div>\n\t\t\t\t<div class=\"elementor-element elementor-element-73651cf elementor-widget elementor-widget-heading\" data-id=\"73651cf\" data-element_type=\"widget\" data-widget_type=\"heading.default\">\n\t\t\t\t<div class=\"elementor-widget-container\">\n\t\t\t<h4 class=\"elementor-heading-title elementor-size-default\">FNI \/ CNI - National Industry Forum  <\/h4>\t\t<\/div>\n\t\t\t\t<\/div>\n\t\t\t\t<div class=\"elementor-element elementor-element-62fd69c elementor-widget-divider--view-line elementor-widget elementor-widget-divider\" data-id=\"62fd69c\" data-element_type=\"widget\" data-widget_type=\"divider.default\">\n\t\t\t\t<div class=\"elementor-widget-container\">\n\t\t\t\t\t<div class=\"elementor-divider\">\n\t\t\t<span class=\"elementor-divider-separator\">\n\t\t\t\t\t\t<\/span>\n\t\t<\/div>\n\t\t\t\t<\/div>\n\t\t\t\t<\/div>\n\t\t\t\t<div class=\"elementor-element elementor-element-b329fa7 elementor-widget elementor-widget-heading\" data-id=\"b329fa7\" data-element_type=\"widget\" data-widget_type=\"heading.default\">\n\t\t\t\t<div class=\"elementor-widget-container\">\n\t\t\t<h4 class=\"elementor-heading-title elementor-size-default\">Agribusiness Parliamentary Front  <\/h4>\t\t<\/div>\n\t\t\t\t<\/div>\n\t\t\t\t<div class=\"elementor-element elementor-element-4f419c2 elementor-widget-divider--view-line elementor-widget elementor-widget-divider\" data-id=\"4f419c2\" data-element_type=\"widget\" data-widget_type=\"divider.default\">\n\t\t\t\t<div class=\"elementor-widget-container\">\n\t\t\t\t\t<div class=\"elementor-divider\">\n\t\t\t<span class=\"elementor-divider-separator\">\n\t\t\t\t\t\t<\/span>\n\t\t<\/div>\n\t\t\t\t<\/div>\n\t\t\t\t<\/div>\n\t\t\t\t<div class=\"elementor-element elementor-element-9fb5757 elementor-widget elementor-widget-heading\" data-id=\"9fb5757\" data-element_type=\"widget\" data-widget_type=\"heading.default\">\n\t\t\t\t<div class=\"elementor-widget-container\">\n\t\t\t<h4 class=\"elementor-heading-title elementor-size-default\">Parliamentary Front for Railways  <\/h4>\t\t<\/div>\n\t\t\t\t<\/div>\n\t\t\t\t<div class=\"elementor-element elementor-element-9d89531 elementor-widget-divider--view-line elementor-widget elementor-widget-divider\" data-id=\"9d89531\" data-element_type=\"widget\" data-widget_type=\"divider.default\">\n\t\t\t\t<div class=\"elementor-widget-container\">\n\t\t\t\t\t<div class=\"elementor-divider\">\n\t\t\t<span class=\"elementor-divider-separator\">\n\t\t\t\t\t\t<\/span>\n\t\t<\/div>\n\t\t\t\t<\/div>\n\t\t\t\t<\/div>\n\t\t\t\t<div class=\"elementor-element elementor-element-e527745 elementor-widget elementor-widget-heading\" data-id=\"e527745\" data-element_type=\"widget\" data-widget_type=\"heading.default\">\n\t\t\t\t<div class=\"elementor-widget-container\">\n\t\t\t<h4 class=\"elementor-heading-title elementor-size-default\">MDIC Brazil Cost Reduction Program Working Groups<\/h4>\t\t<\/div>\n\t\t\t\t<\/div>\n\t\t\t\t<div class=\"elementor-element elementor-element-f543405 elementor-widget-divider--view-line elementor-widget elementor-widget-divider\" data-id=\"f543405\" data-element_type=\"widget\" data-widget_type=\"divider.default\">\n\t\t\t\t<div class=\"elementor-widget-container\">\n\t\t\t\t\t<div class=\"elementor-divider\">\n\t\t\t<span class=\"elementor-divider-separator\">\n\t\t\t\t\t\t<\/span>\n\t\t<\/div>\n\t\t\t\t<\/div>\n\t\t\t\t<\/div>\n\t\t\t\t<div class=\"elementor-element elementor-element-ddb44c5 elementor-widget elementor-widget-heading\" data-id=\"ddb44c5\" data-element_type=\"widget\" data-widget_type=\"heading.default\">\n\t\t\t\t<div class=\"elementor-widget-container\">\n\t\t\t<h4 class=\"elementor-heading-title elementor-size-default\">Corregulation Committee provided for in the Road Concessions Regulations  <\/h4>\t\t<\/div>\n\t\t\t\t<\/div>\n\t\t\t\t<div class=\"elementor-element elementor-element-f043a1a elementor-widget-divider--view-line elementor-widget elementor-widget-divider\" data-id=\"f043a1a\" data-element_type=\"widget\" data-widget_type=\"divider.default\">\n\t\t\t\t<div class=\"elementor-widget-container\">\n\t\t\t\t\t<div class=\"elementor-divider\">\n\t\t\t<span class=\"elementor-divider-separator\">\n\t\t\t\t\t\t<\/span>\n\t\t<\/div>\n\t\t\t\t<\/div>\n\t\t\t\t<\/div>\n\t\t\t\t<div class=\"elementor-element elementor-element-c690082 elementor-widget elementor-widget-heading\" data-id=\"c690082\" data-element_type=\"widget\" data-widget_type=\"heading.default\">\n\t\t\t\t<div class=\"elementor-widget-container\">\n\t\t\t<h4 class=\"elementor-heading-title elementor-size-default\">ANTT's ESG Regulation User Committee<\/h4>\t\t<\/div>\n\t\t\t\t<\/div>\n\t\t\t\t<div class=\"elementor-element elementor-element-2a322c4 elementor-widget-divider--view-line elementor-widget elementor-widget-divider\" data-id=\"2a322c4\" data-element_type=\"widget\" data-widget_type=\"divider.default\">\n\t\t\t\t<div class=\"elementor-widget-container\">\n\t\t\t\t\t<div class=\"elementor-divider\">\n\t\t\t<span class=\"elementor-divider-separator\">\n\t\t\t\t\t\t<\/span>\n\t\t<\/div>\n\t\t\t\t<\/div>\n\t\t\t\t<\/div>\n\t\t\t\t<div class=\"elementor-element elementor-element-cf61931 elementor-widget elementor-widget-heading\" data-id=\"cf61931\" data-element_type=\"widget\" data-widget_type=\"heading.default\">\n\t\t\t\t<div class=\"elementor-widget-container\">\n\t\t\t<h4 class=\"elementor-heading-title elementor-size-default\"><a href=\"https:\/\/webapp322307.ip-45-56-123-243.cloudezapp.io\/foruns-permanentes\/forum-permanente-para-transporte-rodoviario-de-cargas\/\">Tripartite Highway Commissions - Dutra \/ Fern\u00e3o Dias \/ BR 101 among others<\/a><\/h4>\t\t<\/div>\n\t\t\t\t<\/div>\n\t\t\t\t<div class=\"elementor-element elementor-element-be4e0d4 elementor-widget-divider--view-line elementor-widget elementor-widget-divider\" data-id=\"be4e0d4\" data-element_type=\"widget\" data-widget_type=\"divider.default\">\n\t\t\t\t<div class=\"elementor-widget-container\">\n\t\t\t\t\t<div class=\"elementor-divider\">\n\t\t\t<span class=\"elementor-divider-separator\">\n\t\t\t\t\t\t<\/span>\n\t\t<\/div>\n\t\t\t\t<\/div>\n\t\t\t\t<\/div>\n\t\t\t\t<div class=\"elementor-element elementor-element-89d2dc1 elementor-widget elementor-widget-heading\" data-id=\"89d2dc1\" data-element_type=\"widget\" data-widget_type=\"heading.default\">\n\t\t\t\t<div class=\"elementor-widget-container\">\n\t\t\t<h4 class=\"elementor-heading-title elementor-size-default\">Tripartite Railway Commissions - represents users in 7 of the 13 concessions  <\/h4>\t\t<\/div>\n\t\t\t\t<\/div>\n\t\t\t\t<div class=\"elementor-element elementor-element-f82a5bf elementor-widget-divider--view-line elementor-widget elementor-widget-divider\" data-id=\"f82a5bf\" data-element_type=\"widget\" data-widget_type=\"divider.default\">\n\t\t\t\t<div class=\"elementor-widget-container\">\n\t\t\t\t\t<div class=\"elementor-divider\">\n\t\t\t<span class=\"elementor-divider-separator\">\n\t\t\t\t\t\t<\/span>\n\t\t<\/div>\n\t\t\t\t<\/div>\n\t\t\t\t<\/div>\n\t\t\t\t<div class=\"elementor-element elementor-element-27f3823 elementor-widget elementor-widget-heading\" data-id=\"27f3823\" data-element_type=\"widget\" data-widget_type=\"heading.default\">\n\t\t\t\t<div class=\"elementor-widget-container\">\n\t\t\t<h4 class=\"elementor-heading-title elementor-size-default\">CONAPORTOS<\/h4>\t\t<\/div>\n\t\t\t\t<\/div>\n\t\t\t\t<div class=\"elementor-element elementor-element-db5ccd6 elementor-widget-divider--view-line elementor-widget elementor-widget-divider\" data-id=\"db5ccd6\" data-element_type=\"widget\" data-widget_type=\"divider.default\">\n\t\t\t\t<div class=\"elementor-widget-container\">\n\t\t\t\t\t<div class=\"elementor-divider\">\n\t\t\t<span class=\"elementor-divider-separator\">\n\t\t\t\t\t\t<\/span>\n\t\t<\/div>\n\t\t\t\t<\/div>\n\t\t\t\t<\/div>\n\t\t\t\t<div class=\"elementor-element elementor-element-1594d52 elementor-widget elementor-widget-heading\" data-id=\"1594d52\" data-element_type=\"widget\" data-widget_type=\"heading.default\">\n\t\t\t\t<div class=\"elementor-widget-container\">\n\t\t\t<h4 class=\"elementor-heading-title elementor-size-default\">GT CTLOG THC - Terminal\/Container Handling Rate<\/h4>\t\t<\/div>\n\t\t\t\t<\/div>\n\t\t\t\t\t<\/div>\n\t\t\t\t<\/div>\n\t\t\t\t<\/div>\n\t\t","protected":false},"excerpt":{"rendered":"<p>Permanent Forums CTLog &#8211; MAPA&#8217;s Thematic Chamber on Logistics COINFRA \/ CNI &#8211; Infrastructure Council of the National Confederation of Industry FNI \/ CNI &#8211; National Industry Forum Agribusiness Parliamentary Front Parliamentary Front for Railways MDIC Brazil Cost Reduction Program Working Groups Corregulation Committee provided for in the Road Concessions Regulations ANTT&#8217;s ESG Regulation User [&hellip;]<\/p>\n","protected":false},"author":8,"featured_media":0,"parent":0,"menu_order":0,"comment_status":"closed","ping_status":"closed","template":"","meta":{"_acf_changed":false,"footnotes":""},"class_list":["post-63996","page","type-page","status-publish","hentry"],"acf":[],"yoast_head":"<!-- This site is optimized with the Yoast SEO plugin v27.3 - https:\/\/yoast.com\/product\/yoast-seo-wordpress\/ -->\n<title>Permanent Forums - ANUT<\/title>\n<meta name=\"robots\" content=\"index, follow, max-snippet:-1, max-image-preview:large, max-video-preview:-1\" \/>\n<link rel=\"canonical\" href=\"https:\/\/anut.org.br\/en\/permanent-forums\/\" \/>\n<meta property=\"og:locale\" content=\"en_US\" \/>\n<meta property=\"og:type\" content=\"article\" \/>\n<meta property=\"og:title\" content=\"Permanent Forums - ANUT\" \/>\n<meta property=\"og:description\" content=\"Permanent Forums CTLog &#8211; MAPA&#8217;s Thematic Chamber on Logistics COINFRA \/ CNI &#8211; Infrastructure Council of the National Confederation of Industry FNI \/ CNI &#8211; National Industry Forum Agribusiness Parliamentary Front Parliamentary Front for Railways MDIC Brazil Cost Reduction Program Working Groups Corregulation Committee provided for in the Road Concessions Regulations ANTT&#8217;s ESG Regulation User [&hellip;]\" \/>\n<meta property=\"og:url\" content=\"https:\/\/anut.org.br\/en\/permanent-forums\/\" \/>\n<meta property=\"og:site_name\" content=\"ANUT\" \/>\n<meta property=\"article:modified_time\" content=\"2024-09-17T19:34:42+00:00\" \/>\n<meta name=\"twitter:card\" content=\"summary_large_image\" \/>\n<script type=\"application\/ld+json\" class=\"yoast-schema-graph\">{\"@context\":\"https:\\\/\\\/schema.org\",\"@graph\":[{\"@type\":\"WebPage\",\"@id\":\"https:\\\/\\\/anut.org.br\\\/en\\\/permanent-forums\\\/\",\"url\":\"https:\\\/\\\/anut.org.br\\\/en\\\/permanent-forums\\\/\",\"name\":\"Permanent Forums - ANUT\",\"isPartOf\":{\"@id\":\"https:\\\/\\\/anut.org.br\\\/en\\\/#website\"},\"datePublished\":\"2022-11-21T13:35:51+00:00\",\"dateModified\":\"2024-09-17T19:34:42+00:00\",\"breadcrumb\":{\"@id\":\"https:\\\/\\\/anut.org.br\\\/en\\\/permanent-forums\\\/#breadcrumb\"},\"inLanguage\":\"en-US\",\"potentialAction\":[{\"@type\":\"ReadAction\",\"target\":[\"https:\\\/\\\/anut.org.br\\\/en\\\/permanent-forums\\\/\"]}]},{\"@type\":\"BreadcrumbList\",\"@id\":\"https:\\\/\\\/anut.org.br\\\/en\\\/permanent-forums\\\/#breadcrumb\",\"itemListElement\":[{\"@type\":\"ListItem\",\"position\":1,\"name\":\"In\u00edcio\",\"item\":\"https:\\\/\\\/anut.org.br\\\/en\\\/?page_id=63977\"},{\"@type\":\"ListItem\",\"position\":2,\"name\":\"Permanent Forums\"}]},{\"@type\":\"WebSite\",\"@id\":\"https:\\\/\\\/anut.org.br\\\/en\\\/#website\",\"url\":\"https:\\\/\\\/anut.org.br\\\/en\\\/\",\"name\":\"ANUT\",\"description\":\"Associa\u00e7\u00e3o Nacional dos Usu\u00e1rios do Transporte de Carga\",\"publisher\":{\"@id\":\"https:\\\/\\\/anut.org.br\\\/en\\\/#organization\"},\"potentialAction\":[{\"@type\":\"SearchAction\",\"target\":{\"@type\":\"EntryPoint\",\"urlTemplate\":\"https:\\\/\\\/anut.org.br\\\/en\\\/?s={search_term_string}\"},\"query-input\":{\"@type\":\"PropertyValueSpecification\",\"valueRequired\":true,\"valueName\":\"search_term_string\"}}],\"inLanguage\":\"en-US\"},{\"@type\":\"Organization\",\"@id\":\"https:\\\/\\\/anut.org.br\\\/en\\\/#organization\",\"name\":\"ANUT\",\"url\":\"https:\\\/\\\/anut.org.br\\\/en\\\/\",\"logo\":{\"@type\":\"ImageObject\",\"inLanguage\":\"en-US\",\"@id\":\"https:\\\/\\\/anut.org.br\\\/en\\\/#\\\/schema\\\/logo\\\/image\\\/\",\"url\":\"https:\\\/\\\/anut.org.br\\\/wp-content\\\/uploads\\\/2022\\\/02\\\/cropped-Anut-Logotipo.png\",\"contentUrl\":\"https:\\\/\\\/anut.org.br\\\/wp-content\\\/uploads\\\/2022\\\/02\\\/cropped-Anut-Logotipo.png\",\"width\":595,\"height\":184,\"caption\":\"ANUT\"},\"image\":{\"@id\":\"https:\\\/\\\/anut.org.br\\\/en\\\/#\\\/schema\\\/logo\\\/image\\\/\"}}]}<\/script>\n<!-- \/ Yoast SEO plugin. -->","yoast_head_json":{"title":"Permanent Forums - ANUT","robots":{"index":"index","follow":"follow","max-snippet":"max-snippet:-1","max-image-preview":"max-image-preview:large","max-video-preview":"max-video-preview:-1"},"canonical":"https:\/\/anut.org.br\/en\/permanent-forums\/","og_locale":"en_US","og_type":"article","og_title":"Permanent Forums - ANUT","og_description":"Permanent Forums CTLog &#8211; MAPA&#8217;s Thematic Chamber on Logistics COINFRA \/ CNI &#8211; Infrastructure Council of the National Confederation of Industry FNI \/ CNI &#8211; National Industry Forum Agribusiness Parliamentary Front Parliamentary Front for Railways MDIC Brazil Cost Reduction Program Working Groups Corregulation Committee provided for in the Road Concessions Regulations ANTT&#8217;s ESG Regulation User [&hellip;]","og_url":"https:\/\/anut.org.br\/en\/permanent-forums\/","og_site_name":"ANUT","article_modified_time":"2024-09-17T19:34:42+00:00","twitter_card":"summary_large_image","schema":{"@context":"https:\/\/schema.org","@graph":[{"@type":"WebPage","@id":"https:\/\/anut.org.br\/en\/permanent-forums\/","url":"https:\/\/anut.org.br\/en\/permanent-forums\/","name":"Permanent Forums - ANUT","isPartOf":{"@id":"https:\/\/anut.org.br\/en\/#website"},"datePublished":"2022-11-21T13:35:51+00:00","dateModified":"2024-09-17T19:34:42+00:00","breadcrumb":{"@id":"https:\/\/anut.org.br\/en\/permanent-forums\/#breadcrumb"},"inLanguage":"en-US","potentialAction":[{"@type":"ReadAction","target":["https:\/\/anut.org.br\/en\/permanent-forums\/"]}]},{"@type":"BreadcrumbList","@id":"https:\/\/anut.org.br\/en\/permanent-forums\/#breadcrumb","itemListElement":[{"@type":"ListItem","position":1,"name":"In\u00edcio","item":"https:\/\/anut.org.br\/en\/?page_id=63977"},{"@type":"ListItem","position":2,"name":"Permanent Forums"}]},{"@type":"WebSite","@id":"https:\/\/anut.org.br\/en\/#website","url":"https:\/\/anut.org.br\/en\/","name":"ANUT","description":"Associa\u00e7\u00e3o Nacional dos Usu\u00e1rios do Transporte de Carga","publisher":{"@id":"https:\/\/anut.org.br\/en\/#organization"},"potentialAction":[{"@type":"SearchAction","target":{"@type":"EntryPoint","urlTemplate":"https:\/\/anut.org.br\/en\/?s={search_term_string}"},"query-input":{"@type":"PropertyValueSpecification","valueRequired":true,"valueName":"search_term_string"}}],"inLanguage":"en-US"},{"@type":"Organization","@id":"https:\/\/anut.org.br\/en\/#organization","name":"ANUT","url":"https:\/\/anut.org.br\/en\/","logo":{"@type":"ImageObject","inLanguage":"en-US","@id":"https:\/\/anut.org.br\/en\/#\/schema\/logo\/image\/","url":"https:\/\/anut.org.br\/wp-content\/uploads\/2022\/02\/cropped-Anut-Logotipo.png","contentUrl":"https:\/\/anut.org.br\/wp-content\/uploads\/2022\/02\/cropped-Anut-Logotipo.png","width":595,"height":184,"caption":"ANUT"},"image":{"@id":"https:\/\/anut.org.br\/en\/#\/schema\/logo\/image\/"}}]}},"_links":{"self":[{"href":"https:\/\/anut.org.br\/en\/wp-json\/wp\/v2\/pages\/63996","targetHints":{"allow":["GET"]}}],"collection":[{"href":"https:\/\/anut.org.br\/en\/wp-json\/wp\/v2\/pages"}],"about":[{"href":"https:\/\/anut.org.br\/en\/wp-json\/wp\/v2\/types\/page"}],"author":[{"embeddable":true,"href":"https:\/\/anut.org.br\/en\/wp-json\/wp\/v2\/users\/8"}],"replies":[{"embeddable":true,"href":"https:\/\/anut.org.br\/en\/wp-json\/wp\/v2\/comments?post=63996"}],"version-history":[{"count":3,"href":"https:\/\/anut.org.br\/en\/wp-json\/wp\/v2\/pages\/63996\/revisions"}],"predecessor-version":[{"id":64006,"href":"https:\/\/anut.org.br\/en\/wp-json\/wp\/v2\/pages\/63996\/revisions\/64006"}],"wp:attachment":[{"href":"https:\/\/anut.org.br\/en\/wp-json\/wp\/v2\/media?parent=63996"}],"curies":[{"name":"wp","href":"https:\/\/api.w.org\/{rel}","templated":true}]}}