{"id":63968,"date":"2022-11-21T12:28:52","date_gmt":"2022-11-21T15:28:52","guid":{"rendered":"https:\/\/anut.org.br\/join-us\/"},"modified":"2024-09-17T16:34:31","modified_gmt":"2024-09-17T19:34:31","slug":"join-us","status":"publish","type":"page","link":"https:\/\/anut.org.br\/en\/join-us\/","title":{"rendered":"Join us"},"content":{"rendered":"\t\t<div data-elementor-type=\"wp-page\" data-elementor-id=\"63968\" class=\"elementor elementor-63968 elementor-47591\" data-elementor-post-type=\"page\">\n\t\t\t\t<div class=\"elementor-element elementor-element-2982b36 e-flex e-con-boxed e-con e-parent\" data-id=\"2982b36\" data-element_type=\"container\" data-settings=\"{&quot;background_background&quot;:&quot;classic&quot;,&quot;jet_parallax_layout_list&quot;:[]}\">\n\t\t\t\t\t<div class=\"e-con-inner\">\n\t\t\t\t<div class=\"elementor-element elementor-element-0afc3a8 elementor-widget elementor-widget-heading\" data-id=\"0afc3a8\" data-element_type=\"widget\" data-widget_type=\"heading.default\">\n\t\t\t\t<div class=\"elementor-widget-container\">\n\t\t\t<style>\/*! elementor - v3.23.0 - 05-08-2024 *\/\n.elementor-heading-title{padding:0;margin:0;line-height:1}.elementor-widget-heading .elementor-heading-title[class*=elementor-size-]>a{color:inherit;font-size:inherit;line-height:inherit}.elementor-widget-heading .elementor-heading-title.elementor-size-small{font-size:15px}.elementor-widget-heading .elementor-heading-title.elementor-size-medium{font-size:19px}.elementor-widget-heading .elementor-heading-title.elementor-size-large{font-size:29px}.elementor-widget-heading .elementor-heading-title.elementor-size-xl{font-size:39px}.elementor-widget-heading .elementor-heading-title.elementor-size-xxl{font-size:59px}<\/style><h1 class=\"elementor-heading-title elementor-size-default\">Join us<\/h1>\t\t<\/div>\n\t\t\t\t<\/div>\n\t\t\t\t\t<\/div>\n\t\t\t\t<\/div>\n\t\t<div class=\"elementor-element elementor-element-2c15042c e-flex e-con-boxed e-con e-parent\" data-id=\"2c15042c\" data-element_type=\"container\" data-settings=\"{&quot;jet_parallax_layout_list&quot;:[]}\">\n\t\t\t\t\t<div class=\"e-con-inner\">\n\t\t\t\t<div class=\"elementor-element elementor-element-fe6ffa6 elementor-widget elementor-widget-heading\" data-id=\"fe6ffa6\" data-element_type=\"widget\" data-widget_type=\"heading.default\">\n\t\t\t\t<div class=\"elementor-widget-container\">\n\t\t\t<h2 class=\"elementor-heading-title elementor-size-default\">Company data<\/h2>\t\t<\/div>\n\t\t\t\t<\/div>\n\t\t\t\t<div class=\"elementor-element elementor-element-92238b1 elementor-widget elementor-widget-heading\" data-id=\"92238b1\" data-element_type=\"widget\" data-widget_type=\"heading.default\">\n\t\t\t\t<div class=\"elementor-widget-container\">\n\t\t\t<h3 class=\"elementor-heading-title elementor-size-default\">Membership Application<\/h3>\t\t<\/div>\n\t\t\t\t<\/div>\n\t\t\t\t<div class=\"elementor-element elementor-element-6c72ab0 elementor-widget elementor-widget-shortcode\" data-id=\"6c72ab0\" data-element_type=\"widget\" data-widget_type=\"shortcode.default\">\n\t\t\t\t<div class=\"elementor-widget-container\">\n\t\t\t\t\t<div class=\"elementor-shortcode\">\n<div class=\"wpcf7 no-js\" id=\"wpcf7-f64359-o1\" lang=\"en-US\" dir=\"ltr\" data-wpcf7-id=\"64359\">\n<div class=\"screen-reader-response\"><p role=\"status\" aria-live=\"polite\" aria-atomic=\"true\"><\/p> <ul><\/ul><\/div>\n<form action=\"\/en\/wp-json\/wp\/v2\/pages\/63968#wpcf7-f64359-o1\" method=\"post\" class=\"wpcf7-form init\" aria-label=\"Contact form\" novalidate=\"novalidate\" data-status=\"init\">\n<fieldset class=\"hidden-fields-container\"><input type=\"hidden\" name=\"_wpcf7\" value=\"64359\" \/><input type=\"hidden\" name=\"_wpcf7_version\" value=\"6.1.5\" \/><input type=\"hidden\" name=\"_wpcf7_locale\" value=\"en_US\" \/><input type=\"hidden\" name=\"_wpcf7_unit_tag\" value=\"wpcf7-f64359-o1\" \/><input type=\"hidden\" name=\"_wpcf7_container_post\" value=\"0\" \/><input type=\"hidden\" name=\"_wpcf7_posted_data_hash\" value=\"\" \/>\n<\/fieldset>\n<div class=\"row\">\n\t<div class=\"input-text-01\">\n\t\t<p>Company name\n\t\t<\/p>\n\t\t<p><span class=\"wpcf7-form-control-wrap\" data-name=\"razaosocial\"><input size=\"40\" maxlength=\"400\" class=\"wpcf7-form-control wpcf7-text wpcf7-validates-as-required\" aria-required=\"true\" aria-invalid=\"false\" value=\"\" type=\"text\" name=\"razaosocial\" \/><\/span>\n\t\t<\/p>\n\t<\/div>\n\t<div class=\"input-text-02\">\n\t\t<p>CNPJ\n\t\t<\/p>\n\t\t<p><span class=\"wpcf7-form-control-wrap\" data-name=\"cnpj\"><input size=\"40\" maxlength=\"400\" class=\"wpcf7-form-control wpcf7-text wpcf7-validates-as-required\" aria-required=\"true\" aria-invalid=\"false\" value=\"\" type=\"text\" name=\"cnpj\" \/><\/span>\n\t\t<\/p>\n\t<\/div>\n\t<div class=\"col-md-12\">\n\t\t<p>Headquarters address <small>(street, number, complement, city, state and zip code)<\/small><br \/>\n<span class=\"wpcf7-form-control-wrap\" data-name=\"enderecodasede\"><input size=\"40\" maxlength=\"400\" class=\"wpcf7-form-control wpcf7-text wpcf7-validates-as-required\" aria-required=\"true\" aria-invalid=\"false\" value=\"\" type=\"text\" name=\"enderecodasede\" \/><\/span>\n\t\t<\/p>\n\t<\/div>\n\t<div class=\"col-md-12 select\">\n\t\t<p>Activity<small> (choose from the Sector Sets)<\/small><span class=\"wpcf7-form-control-wrap\" data-name=\"checkbox-560\"><span class=\"wpcf7-form-control wpcf7-checkbox wpcf7-validates-as-required\"><span class=\"wpcf7-list-item first last\"><input type=\"checkbox\" name=\"checkbox-560[]\" value=\"Steel Sugar, Alcohol and Bioenergy Cement and Mortar Fertilizers Grain and Food Wood, Paper and Cellulose Machinery and Equipment - Mechanical and Electrical and Electronic Non-ferrous Metals Minerals Chemicals and Petroleum Miscellaneous Users\" \/><span class=\"wpcf7-list-item-label\">Steel Sugar, Alcohol and Bioenergy Cement and Mortar Fertilizers Grain and Food Wood, Paper and Cellulose Machinery and Equipment - Mechanical and Electrical and Electronic Non-ferrous Metals Minerals Chemicals and Petroleum Miscellaneous Users<\/span><\/span><\/span><\/span>\n\t\t<\/p>\n\t<\/div>\n<\/div>\n<div class=\"row\">\n\t<div class=\"col-md-12\">\n\t\t<h5>Applicant details:\n\t\t<\/h5>\n\t<\/div>\n<\/div>\n<div class=\"row\">\n\t<div class=\"input-text-01\">\n\t\t<p>Name\n\t\t<\/p>\n\t\t<p><span class=\"wpcf7-form-control-wrap\" data-name=\"your-name\"><input size=\"40\" maxlength=\"400\" class=\"wpcf7-form-control wpcf7-text wpcf7-validates-as-required\" aria-required=\"true\" aria-invalid=\"false\" value=\"\" type=\"text\" name=\"your-name\" \/><\/span>\n\t\t<\/p>\n\t<\/div>\n\t<div class=\"input-text-02\">\n\t\t<p>Position\n\t\t<\/p>\n\t\t<p><span class=\"wpcf7-form-control-wrap\" data-name=\"Cargo\"><input size=\"40\" maxlength=\"400\" class=\"wpcf7-form-control wpcf7-text wpcf7-validates-as-required\" aria-required=\"true\" aria-invalid=\"false\" value=\"\" type=\"text\" name=\"Cargo\" \/><\/span>\n\t\t<\/p>\n\t<\/div>\n\t<div class=\"col-md-12\">\n\t\t<p>Business Address: <small>(street, number, complement, city, state and zip code)<\/small><br \/>\n<span class=\"wpcf7-form-control-wrap\" data-name=\"enderecocomercial\"><input size=\"40\" maxlength=\"400\" class=\"wpcf7-form-control wpcf7-text\" aria-invalid=\"false\" value=\"\" type=\"text\" name=\"enderecocomercial\" \/><\/span>\n\t\t<\/p>\n\t<\/div>\n\t<div class=\"input-text-01\">\n\t\t<p>CPF <span class=\"wpcf7-form-control-wrap\" data-name=\"CPF\"><input size=\"40\" maxlength=\"400\" class=\"wpcf7-form-control wpcf7-text wpcf7-validates-as-required\" aria-required=\"true\" aria-invalid=\"false\" value=\"\" type=\"text\" name=\"CPF\" \/><\/span>\n\t\t<\/p>\n\t<\/div>\n\t<div class=\"input-text-02\">\n\t\t<p>Contact Phone<small> Number (DDD + Number)<\/small><br \/>\n<span class=\"wpcf7-form-control-wrap\" data-name=\"telefone\"><input size=\"40\" maxlength=\"400\" class=\"wpcf7-form-control wpcf7-text wpcf7-validates-as-required\" aria-required=\"true\" aria-invalid=\"false\" value=\"\" type=\"text\" name=\"telefone\" \/><\/span>\n\t\t<\/p>\n\t<\/div>\n\t<div class=\"input-text-01\">\n\t\t<p>Fax <small>(DDD + Number)<\/small><br \/>\n<span class=\"wpcf7-form-control-wrap\" data-name=\"fax\"><input size=\"40\" maxlength=\"400\" class=\"wpcf7-form-control wpcf7-text\" aria-invalid=\"false\" value=\"\" type=\"text\" name=\"fax\" \/><\/span>\n\t\t<\/p>\n\t<\/div>\n\t<div class=\"input-text-02\">\n\t\t<p>Mobile <small>(DDD + Number)<\/small><br \/>\n<span class=\"wpcf7-form-control-wrap\" data-name=\"celular\"><input size=\"40\" maxlength=\"400\" class=\"wpcf7-form-control wpcf7-text\" aria-invalid=\"false\" value=\"\" type=\"text\" name=\"celular\" \/><\/span>\n\t\t<\/p>\n\t<\/div>\n\t<div class=\"col-md-12\">\n\t\t<p>Email <span class=\"wpcf7-form-control-wrap\" data-name=\"your-email\"><input size=\"40\" maxlength=\"400\" class=\"wpcf7-form-control wpcf7-email wpcf7-validates-as-required wpcf7-text wpcf7-validates-as-email\" aria-required=\"true\" aria-invalid=\"false\" value=\"\" type=\"email\" name=\"your-email\" \/><\/span>\n\t\t<\/p>\n\t<\/div>\n\n <!--p>Nome do Assistente \/ Secret\u00e1ria <small>(Caso n\u00e3o possua, digite: \"N\u00c3O\")<\/small>\n<span class=\"wpcf7-form-control-wrap\" data-name=\"assistente\"><input size=\"40\" maxlength=\"400\" class=\"wpcf7-form-control wpcf7-text\" aria-invalid=\"false\" value=\"\" type=\"text\" name=\"assistente\" \/><\/span><\/p-->\n\t<div class=\"col-md-6\">\n\t\t<p><input class=\"wpcf7-form-control wpcf7-submit has-spinner\" type=\"submit\" value=\"Send\" \/>\n\t\t<\/p>\n\t<\/div>\n<\/div><p style=\"display: none !important;\" class=\"akismet-fields-container\" data-prefix=\"_wpcf7_ak_\"><label>&#916;<textarea name=\"_wpcf7_ak_hp_textarea\" cols=\"45\" rows=\"8\" maxlength=\"100\"><\/textarea><\/label><input type=\"hidden\" id=\"ak_js_1\" name=\"_wpcf7_ak_js\" value=\"47\"\/><script>document.getElementById( \"ak_js_1\" ).setAttribute( \"value\", ( new Date() ).getTime() );<\/script><\/p><div class=\"wpcf7-response-output\" aria-hidden=\"true\"><\/div>\n<\/form>\n<\/div>\n<\/div>\n\t\t\t\t<\/div>\n\t\t\t\t<\/div>\n\t\t\t\t\t<\/div>\n\t\t\t\t<\/div>\n\t\t\t\t<\/div>\n\t\t","protected":false},"excerpt":{"rendered":"<p>Join us Company data Membership Application<\/p>\n","protected":false},"author":8,"featured_media":0,"parent":0,"menu_order":0,"comment_status":"closed","ping_status":"closed","template":"","meta":{"_acf_changed":false,"footnotes":""},"class_list":["post-63968","page","type-page","status-publish","hentry"],"acf":[],"yoast_head":"<!-- This site is optimized with the Yoast SEO plugin v27.3 - https:\/\/yoast.com\/product\/yoast-seo-wordpress\/ -->\n<title>Join us - ANUT<\/title>\n<meta name=\"robots\" content=\"index, follow, max-snippet:-1, max-image-preview:large, max-video-preview:-1\" \/>\n<link rel=\"canonical\" href=\"https:\/\/anut.org.br\/en\/join-us\/\" \/>\n<meta property=\"og:locale\" content=\"en_US\" \/>\n<meta property=\"og:type\" content=\"article\" \/>\n<meta property=\"og:title\" content=\"Join us - ANUT\" \/>\n<meta property=\"og:description\" content=\"Join us Company data Membership Application\" \/>\n<meta property=\"og:url\" content=\"https:\/\/anut.org.br\/en\/join-us\/\" \/>\n<meta property=\"og:site_name\" content=\"ANUT\" \/>\n<meta property=\"article:modified_time\" content=\"2024-09-17T19:34:31+00:00\" \/>\n<meta name=\"twitter:card\" content=\"summary_large_image\" \/>\n<script type=\"application\/ld+json\" class=\"yoast-schema-graph\">{\"@context\":\"https:\\\/\\\/schema.org\",\"@graph\":[{\"@type\":\"WebPage\",\"@id\":\"https:\\\/\\\/anut.org.br\\\/en\\\/join-us\\\/\",\"url\":\"https:\\\/\\\/anut.org.br\\\/en\\\/join-us\\\/\",\"name\":\"Join us - ANUT\",\"isPartOf\":{\"@id\":\"https:\\\/\\\/anut.org.br\\\/en\\\/#website\"},\"datePublished\":\"2022-11-21T15:28:52+00:00\",\"dateModified\":\"2024-09-17T19:34:31+00:00\",\"breadcrumb\":{\"@id\":\"https:\\\/\\\/anut.org.br\\\/en\\\/join-us\\\/#breadcrumb\"},\"inLanguage\":\"en-US\",\"potentialAction\":[{\"@type\":\"ReadAction\",\"target\":[\"https:\\\/\\\/anut.org.br\\\/en\\\/join-us\\\/\"]}]},{\"@type\":\"BreadcrumbList\",\"@id\":\"https:\\\/\\\/anut.org.br\\\/en\\\/join-us\\\/#breadcrumb\",\"itemListElement\":[{\"@type\":\"ListItem\",\"position\":1,\"name\":\"In\u00edcio\",\"item\":\"https:\\\/\\\/anut.org.br\\\/en\\\/?page_id=63977\"},{\"@type\":\"ListItem\",\"position\":2,\"name\":\"Join us\"}]},{\"@type\":\"WebSite\",\"@id\":\"https:\\\/\\\/anut.org.br\\\/en\\\/#website\",\"url\":\"https:\\\/\\\/anut.org.br\\\/en\\\/\",\"name\":\"ANUT\",\"description\":\"Associa\u00e7\u00e3o Nacional dos Usu\u00e1rios do Transporte de Carga\",\"publisher\":{\"@id\":\"https:\\\/\\\/anut.org.br\\\/en\\\/#organization\"},\"potentialAction\":[{\"@type\":\"SearchAction\",\"target\":{\"@type\":\"EntryPoint\",\"urlTemplate\":\"https:\\\/\\\/anut.org.br\\\/en\\\/?s={search_term_string}\"},\"query-input\":{\"@type\":\"PropertyValueSpecification\",\"valueRequired\":true,\"valueName\":\"search_term_string\"}}],\"inLanguage\":\"en-US\"},{\"@type\":\"Organization\",\"@id\":\"https:\\\/\\\/anut.org.br\\\/en\\\/#organization\",\"name\":\"ANUT\",\"url\":\"https:\\\/\\\/anut.org.br\\\/en\\\/\",\"logo\":{\"@type\":\"ImageObject\",\"inLanguage\":\"en-US\",\"@id\":\"https:\\\/\\\/anut.org.br\\\/en\\\/#\\\/schema\\\/logo\\\/image\\\/\",\"url\":\"https:\\\/\\\/anut.org.br\\\/wp-content\\\/uploads\\\/2022\\\/02\\\/cropped-Anut-Logotipo.png\",\"contentUrl\":\"https:\\\/\\\/anut.org.br\\\/wp-content\\\/uploads\\\/2022\\\/02\\\/cropped-Anut-Logotipo.png\",\"width\":595,\"height\":184,\"caption\":\"ANUT\"},\"image\":{\"@id\":\"https:\\\/\\\/anut.org.br\\\/en\\\/#\\\/schema\\\/logo\\\/image\\\/\"}}]}<\/script>\n<!-- \/ Yoast SEO plugin. -->","yoast_head_json":{"title":"Join us - ANUT","robots":{"index":"index","follow":"follow","max-snippet":"max-snippet:-1","max-image-preview":"max-image-preview:large","max-video-preview":"max-video-preview:-1"},"canonical":"https:\/\/anut.org.br\/en\/join-us\/","og_locale":"en_US","og_type":"article","og_title":"Join us - ANUT","og_description":"Join us Company data Membership Application","og_url":"https:\/\/anut.org.br\/en\/join-us\/","og_site_name":"ANUT","article_modified_time":"2024-09-17T19:34:31+00:00","twitter_card":"summary_large_image","schema":{"@context":"https:\/\/schema.org","@graph":[{"@type":"WebPage","@id":"https:\/\/anut.org.br\/en\/join-us\/","url":"https:\/\/anut.org.br\/en\/join-us\/","name":"Join us - ANUT","isPartOf":{"@id":"https:\/\/anut.org.br\/en\/#website"},"datePublished":"2022-11-21T15:28:52+00:00","dateModified":"2024-09-17T19:34:31+00:00","breadcrumb":{"@id":"https:\/\/anut.org.br\/en\/join-us\/#breadcrumb"},"inLanguage":"en-US","potentialAction":[{"@type":"ReadAction","target":["https:\/\/anut.org.br\/en\/join-us\/"]}]},{"@type":"BreadcrumbList","@id":"https:\/\/anut.org.br\/en\/join-us\/#breadcrumb","itemListElement":[{"@type":"ListItem","position":1,"name":"In\u00edcio","item":"https:\/\/anut.org.br\/en\/?page_id=63977"},{"@type":"ListItem","position":2,"name":"Join us"}]},{"@type":"WebSite","@id":"https:\/\/anut.org.br\/en\/#website","url":"https:\/\/anut.org.br\/en\/","name":"ANUT","description":"Associa\u00e7\u00e3o Nacional dos Usu\u00e1rios do Transporte de Carga","publisher":{"@id":"https:\/\/anut.org.br\/en\/#organization"},"potentialAction":[{"@type":"SearchAction","target":{"@type":"EntryPoint","urlTemplate":"https:\/\/anut.org.br\/en\/?s={search_term_string}"},"query-input":{"@type":"PropertyValueSpecification","valueRequired":true,"valueName":"search_term_string"}}],"inLanguage":"en-US"},{"@type":"Organization","@id":"https:\/\/anut.org.br\/en\/#organization","name":"ANUT","url":"https:\/\/anut.org.br\/en\/","logo":{"@type":"ImageObject","inLanguage":"en-US","@id":"https:\/\/anut.org.br\/en\/#\/schema\/logo\/image\/","url":"https:\/\/anut.org.br\/wp-content\/uploads\/2022\/02\/cropped-Anut-Logotipo.png","contentUrl":"https:\/\/anut.org.br\/wp-content\/uploads\/2022\/02\/cropped-Anut-Logotipo.png","width":595,"height":184,"caption":"ANUT"},"image":{"@id":"https:\/\/anut.org.br\/en\/#\/schema\/logo\/image\/"}}]}},"_links":{"self":[{"href":"https:\/\/anut.org.br\/en\/wp-json\/wp\/v2\/pages\/63968","targetHints":{"allow":["GET"]}}],"collection":[{"href":"https:\/\/anut.org.br\/en\/wp-json\/wp\/v2\/pages"}],"about":[{"href":"https:\/\/anut.org.br\/en\/wp-json\/wp\/v2\/types\/page"}],"author":[{"embeddable":true,"href":"https:\/\/anut.org.br\/en\/wp-json\/wp\/v2\/users\/8"}],"replies":[{"embeddable":true,"href":"https:\/\/anut.org.br\/en\/wp-json\/wp\/v2\/comments?post=63968"}],"version-history":[{"count":2,"href":"https:\/\/anut.org.br\/en\/wp-json\/wp\/v2\/pages\/63968\/revisions"}],"predecessor-version":[{"id":63974,"href":"https:\/\/anut.org.br\/en\/wp-json\/wp\/v2\/pages\/63968\/revisions\/63974"}],"wp:attachment":[{"href":"https:\/\/anut.org.br\/en\/wp-json\/wp\/v2\/media?parent=63968"}],"curies":[{"name":"wp","href":"https:\/\/api.w.org\/{rel}","templated":true}]}}