{"id":63958,"date":"2022-11-21T17:10:11","date_gmt":"2022-11-21T20:10:11","guid":{"rendered":"https:\/\/anut.org.br\/associates\/"},"modified":"2025-02-03T12:52:18","modified_gmt":"2025-02-03T15:52:18","slug":"associates","status":"publish","type":"page","link":"https:\/\/anut.org.br\/en\/associates\/","title":{"rendered":"Associates"},"content":{"rendered":"\t\t<div data-elementor-type=\"wp-page\" data-elementor-id=\"63958\" class=\"elementor elementor-63958 elementor-47624\" data-elementor-post-type=\"page\">\n\t\t\t\t<div class=\"elementor-element elementor-element-a252b0d e-flex e-con-boxed e-con e-parent\" data-id=\"a252b0d\" data-element_type=\"container\" data-settings=\"{&quot;jet_parallax_layout_list&quot;:[],&quot;background_background&quot;:&quot;classic&quot;}\">\n\t\t\t\t\t<div class=\"e-con-inner\">\n\t\t\t\t<div class=\"elementor-element elementor-element-f9fa450 elementor-widget elementor-widget-heading\" data-id=\"f9fa450\" data-element_type=\"widget\" data-widget_type=\"heading.default\">\n\t\t\t\t<div class=\"elementor-widget-container\">\n\t\t\t<style>\/*! elementor - v3.23.0 - 05-08-2024 *\/\n.elementor-heading-title{padding:0;margin:0;line-height:1}.elementor-widget-heading .elementor-heading-title[class*=elementor-size-]>a{color:inherit;font-size:inherit;line-height:inherit}.elementor-widget-heading .elementor-heading-title.elementor-size-small{font-size:15px}.elementor-widget-heading .elementor-heading-title.elementor-size-medium{font-size:19px}.elementor-widget-heading .elementor-heading-title.elementor-size-large{font-size:29px}.elementor-widget-heading .elementor-heading-title.elementor-size-xl{font-size:39px}.elementor-widget-heading .elementor-heading-title.elementor-size-xxl{font-size:59px}<\/style><h1 class=\"elementor-heading-title elementor-size-default\">Nossos associados<\/h1>\t\t<\/div>\n\t\t\t\t<\/div>\n\t\t\t\t\t<\/div>\n\t\t\t\t<\/div>\n\t\t<div class=\"elementor-element elementor-element-b1ed8b5 e-grid e-con-boxed e-con e-parent\" data-id=\"b1ed8b5\" data-element_type=\"container\" data-settings=\"{&quot;jet_parallax_layout_list&quot;:[]}\">\n\t\t\t\t\t<div class=\"e-con-inner\">\n\t\t\t\t<div class=\"elementor-element elementor-element-a75a7cc elementor-widget elementor-widget-image\" data-id=\"a75a7cc\" data-element_type=\"widget\" data-widget_type=\"image.default\">\n\t\t\t\t<div class=\"elementor-widget-container\">\n\t\t\t\t\t\t\t\t\t\t\t\t\t<img decoding=\"async\" width=\"264\" height=\"148\" src=\"https:\/\/anut.org.br\/wp-content\/uploads\/2025\/02\/arcelor.png\" class=\"attachment-large size-large wp-image-68135\" alt=\"\" \/>\t\t\t\t\t\t\t\t\t\t\t\t\t<\/div>\n\t\t\t\t<\/div>\n\t\t\t\t<div class=\"elementor-element elementor-element-c30435e elementor-widget elementor-widget-image\" data-id=\"c30435e\" data-element_type=\"widget\" data-widget_type=\"image.default\">\n\t\t\t\t<div class=\"elementor-widget-container\">\n\t\t\t\t\t\t\t\t\t\t\t\t\t<img decoding=\"async\" width=\"235\" height=\"113\" src=\"https:\/\/anut.org.br\/wp-content\/uploads\/2022\/11\/anut-associada-1.png\" class=\"attachment-large size-large wp-image-47799\" alt=\"\" \/>\t\t\t\t\t\t\t\t\t\t\t\t\t<\/div>\n\t\t\t\t<\/div>\n\t\t\t\t<div class=\"elementor-element elementor-element-93bb0a8 elementor-widget elementor-widget-image\" data-id=\"93bb0a8\" data-element_type=\"widget\" data-widget_type=\"image.default\">\n\t\t\t\t<div class=\"elementor-widget-container\">\n\t\t\t\t\t\t\t\t\t\t\t\t\t<img decoding=\"async\" width=\"200\" height=\"116\" src=\"https:\/\/anut.org.br\/wp-content\/uploads\/2025\/02\/eldorado.jpg\" class=\"attachment-large size-large wp-image-68129\" alt=\"\" \/>\t\t\t\t\t\t\t\t\t\t\t\t\t<\/div>\n\t\t\t\t<\/div>\n\t\t\t\t<div class=\"elementor-element elementor-element-7bc0d03 elementor-widget elementor-widget-image\" data-id=\"7bc0d03\" data-element_type=\"widget\" data-widget_type=\"image.default\">\n\t\t\t\t<div class=\"elementor-widget-container\">\n\t\t\t\t\t\t\t\t\t\t\t\t\t<img loading=\"lazy\" decoding=\"async\" width=\"227\" height=\"115\" src=\"https:\/\/anut.org.br\/wp-content\/uploads\/2022\/11\/anut-associada-3.png\" class=\"attachment-large size-large wp-image-47801\" alt=\"\" \/>\t\t\t\t\t\t\t\t\t\t\t\t\t<\/div>\n\t\t\t\t<\/div>\n\t\t\t\t<div class=\"elementor-element elementor-element-0f8d092 elementor-widget elementor-widget-image\" data-id=\"0f8d092\" data-element_type=\"widget\" data-widget_type=\"image.default\">\n\t\t\t\t<div class=\"elementor-widget-container\">\n\t\t\t\t\t\t\t\t\t\t\t\t\t<img loading=\"lazy\" decoding=\"async\" width=\"210\" height=\"118\" src=\"https:\/\/anut.org.br\/wp-content\/uploads\/2022\/11\/anut-associada-4.png\" class=\"attachment-large size-large wp-image-47802\" alt=\"\" \/>\t\t\t\t\t\t\t\t\t\t\t\t\t<\/div>\n\t\t\t\t<\/div>\n\t\t\t\t<div class=\"elementor-element elementor-element-09aedcd elementor-widget elementor-widget-image\" data-id=\"09aedcd\" data-element_type=\"widget\" data-widget_type=\"image.default\">\n\t\t\t\t<div class=\"elementor-widget-container\">\n\t\t\t\t\t\t\t\t\t\t\t\t\t<img loading=\"lazy\" decoding=\"async\" width=\"177\" height=\"105\" src=\"https:\/\/anut.org.br\/wp-content\/uploads\/2022\/11\/anut-associada-5.png\" class=\"attachment-large size-large wp-image-47803\" alt=\"\" \/>\t\t\t\t\t\t\t\t\t\t\t\t\t<\/div>\n\t\t\t\t<\/div>\n\t\t\t\t<div class=\"elementor-element elementor-element-da520e2 elementor-widget elementor-widget-image\" data-id=\"da520e2\" data-element_type=\"widget\" data-widget_type=\"image.default\">\n\t\t\t\t<div class=\"elementor-widget-container\">\n\t\t\t\t\t\t\t\t\t\t\t\t\t<img loading=\"lazy\" decoding=\"async\" width=\"212\" height=\"103\" src=\"https:\/\/anut.org.br\/wp-content\/uploads\/2022\/11\/anut-associada-6.png\" class=\"attachment-large size-large wp-image-47804\" alt=\"\" \/>\t\t\t\t\t\t\t\t\t\t\t\t\t<\/div>\n\t\t\t\t<\/div>\n\t\t\t\t<div class=\"elementor-element elementor-element-e78f20b elementor-widget elementor-widget-image\" data-id=\"e78f20b\" data-element_type=\"widget\" data-widget_type=\"image.default\">\n\t\t\t\t<div class=\"elementor-widget-container\">\n\t\t\t\t\t\t\t\t\t\t\t\t\t<img loading=\"lazy\" decoding=\"async\" width=\"150\" height=\"98\" src=\"https:\/\/anut.org.br\/wp-content\/uploads\/2024\/01\/jbs-e1719509280227.webp\" class=\"attachment-large size-large wp-image-57313\" alt=\"\" \/>\t\t\t\t\t\t\t\t\t\t\t\t\t<\/div>\n\t\t\t\t<\/div>\n\t\t\t\t<div class=\"elementor-element elementor-element-e574d47 elementor-widget elementor-widget-image\" data-id=\"e574d47\" data-element_type=\"widget\" data-widget_type=\"image.default\">\n\t\t\t\t<div class=\"elementor-widget-container\">\n\t\t\t\t\t\t\t\t\t\t\t\t\t<img loading=\"lazy\" decoding=\"async\" width=\"196\" height=\"80\" src=\"https:\/\/anut.org.br\/wp-content\/uploads\/2022\/11\/anut-associada-8.png\" class=\"attachment-large size-large wp-image-47806\" alt=\"\" \/>\t\t\t\t\t\t\t\t\t\t\t\t\t<\/div>\n\t\t\t\t<\/div>\n\t\t\t\t<div class=\"elementor-element elementor-element-4fa1dfa elementor-widget elementor-widget-image\" data-id=\"4fa1dfa\" data-element_type=\"widget\" data-widget_type=\"image.default\">\n\t\t\t\t<div class=\"elementor-widget-container\">\n\t\t\t\t\t\t\t\t\t\t\t\t\t<img loading=\"lazy\" decoding=\"async\" width=\"225\" height=\"225\" src=\"https:\/\/anut.org.br\/wp-content\/uploads\/2024\/12\/download.png\" class=\"attachment-large size-large wp-image-65879\" alt=\"\" srcset=\"https:\/\/anut.org.br\/wp-content\/uploads\/2024\/12\/download.png 225w, https:\/\/anut.org.br\/wp-content\/uploads\/2024\/12\/download-150x150.png 150w\" sizes=\"(max-width: 225px) 100vw, 225px\" \/>\t\t\t\t\t\t\t\t\t\t\t\t\t<\/div>\n\t\t\t\t<\/div>\n\t\t\t\t<div class=\"elementor-element elementor-element-4e30576 elementor-widget elementor-widget-image\" data-id=\"4e30576\" data-element_type=\"widget\" data-widget_type=\"image.default\">\n\t\t\t\t<div class=\"elementor-widget-container\">\n\t\t\t\t\t\t\t\t\t\t\t\t\t<img loading=\"lazy\" decoding=\"async\" width=\"203\" height=\"105\" src=\"https:\/\/anut.org.br\/wp-content\/uploads\/2022\/11\/anut-associada-10.png\" class=\"attachment-large size-large wp-image-47808\" alt=\"\" \/>\t\t\t\t\t\t\t\t\t\t\t\t\t<\/div>\n\t\t\t\t<\/div>\n\t\t\t\t<div class=\"elementor-element elementor-element-fe2ee8a elementor-widget elementor-widget-image\" data-id=\"fe2ee8a\" data-element_type=\"widget\" data-widget_type=\"image.default\">\n\t\t\t\t<div class=\"elementor-widget-container\">\n\t\t\t\t\t\t\t\t\t\t\t\t\t<img loading=\"lazy\" decoding=\"async\" width=\"800\" height=\"211\" src=\"https:\/\/anut.org.br\/wp-content\/uploads\/2024\/12\/cmoc.png\" class=\"attachment-large size-large wp-image-65877\" alt=\"\" srcset=\"https:\/\/anut.org.br\/wp-content\/uploads\/2024\/12\/cmoc.png 826w, https:\/\/anut.org.br\/wp-content\/uploads\/2024\/12\/cmoc-300x79.png 300w, https:\/\/anut.org.br\/wp-content\/uploads\/2024\/12\/cmoc-768x203.png 768w\" sizes=\"(max-width: 800px) 100vw, 800px\" \/>\t\t\t\t\t\t\t\t\t\t\t\t\t<\/div>\n\t\t\t\t<\/div>\n\t\t\t\t<div class=\"elementor-element elementor-element-2b9945a elementor-widget elementor-widget-image\" data-id=\"2b9945a\" data-element_type=\"widget\" data-widget_type=\"image.default\">\n\t\t\t\t<div class=\"elementor-widget-container\">\n\t\t\t\t\t\t\t\t\t\t\t\t\t<img loading=\"lazy\" decoding=\"async\" width=\"768\" height=\"579\" src=\"https:\/\/anut.org.br\/wp-content\/uploads\/2024\/12\/braskem_logo_g-768x579-1.png\" class=\"attachment-large size-large wp-image-65874\" alt=\"\" srcset=\"https:\/\/anut.org.br\/wp-content\/uploads\/2024\/12\/braskem_logo_g-768x579-1.png 768w, https:\/\/anut.org.br\/wp-content\/uploads\/2024\/12\/braskem_logo_g-768x579-1-300x226.png 300w\" sizes=\"(max-width: 768px) 100vw, 768px\" \/>\t\t\t\t\t\t\t\t\t\t\t\t\t<\/div>\n\t\t\t\t<\/div>\n\t\t\t\t<div class=\"elementor-element elementor-element-a2230d9 elementor-widget elementor-widget-image\" data-id=\"a2230d9\" data-element_type=\"widget\" data-widget_type=\"image.default\">\n\t\t\t\t<div class=\"elementor-widget-container\">\n\t\t\t\t\t\t\t\t\t\t\t\t\t<img loading=\"lazy\" decoding=\"async\" width=\"252\" height=\"101\" src=\"https:\/\/anut.org.br\/wp-content\/uploads\/2022\/11\/anut-associada-13.png\" class=\"attachment-large size-large wp-image-47811\" alt=\"\" \/>\t\t\t\t\t\t\t\t\t\t\t\t\t<\/div>\n\t\t\t\t<\/div>\n\t\t\t\t<div class=\"elementor-element elementor-element-156b969 elementor-widget elementor-widget-image\" data-id=\"156b969\" data-element_type=\"widget\" data-widget_type=\"image.default\">\n\t\t\t\t<div class=\"elementor-widget-container\">\n\t\t\t\t\t\t\t\t\t\t\t\t\t<img loading=\"lazy\" decoding=\"async\" width=\"150\" height=\"40\" src=\"https:\/\/anut.org.br\/wp-content\/uploads\/2024\/07\/Logo-VCImentos-2024-e1722025240896.jpg\" class=\"attachment-large size-large wp-image-60567\" alt=\"\" \/>\t\t\t\t\t\t\t\t\t\t\t\t\t<\/div>\n\t\t\t\t<\/div>\n\t\t\t\t<div class=\"elementor-element elementor-element-d697a75 elementor-widget elementor-widget-image\" data-id=\"d697a75\" data-element_type=\"widget\" data-widget_type=\"image.default\">\n\t\t\t\t<div class=\"elementor-widget-container\">\n\t\t\t\t\t\t\t\t\t\t\t\t\t<img loading=\"lazy\" decoding=\"async\" width=\"273\" height=\"102\" src=\"https:\/\/anut.org.br\/wp-content\/uploads\/2025\/01\/inpasa.jpg\" class=\"attachment-large size-large wp-image-67663\" alt=\"\" \/>\t\t\t\t\t\t\t\t\t\t\t\t\t<\/div>\n\t\t\t\t<\/div>\n\t\t\t\t<div class=\"elementor-element elementor-element-408f9ed elementor-widget elementor-widget-image\" data-id=\"408f9ed\" data-element_type=\"widget\" data-widget_type=\"image.default\">\n\t\t\t\t<div class=\"elementor-widget-container\">\n\t\t\t\t\t\t\t\t\t\t\t\t\t<img loading=\"lazy\" decoding=\"async\" width=\"243\" height=\"104\" src=\"https:\/\/anut.org.br\/wp-content\/uploads\/2022\/11\/anut-associada-16.png\" class=\"attachment-large size-large wp-image-47814\" alt=\"\" \/>\t\t\t\t\t\t\t\t\t\t\t\t\t<\/div>\n\t\t\t\t<\/div>\n\t\t\t\t<div class=\"elementor-element elementor-element-4b04d3e elementor-widget elementor-widget-image\" data-id=\"4b04d3e\" data-element_type=\"widget\" data-widget_type=\"image.default\">\n\t\t\t\t<div class=\"elementor-widget-container\">\n\t\t\t\t\t\t\t\t\t\t\t\t\t<img loading=\"lazy\" decoding=\"async\" width=\"242\" height=\"90\" src=\"https:\/\/anut.org.br\/wp-content\/uploads\/2022\/11\/anut-associada-17.png\" class=\"attachment-large size-large wp-image-47815\" alt=\"\" \/>\t\t\t\t\t\t\t\t\t\t\t\t\t<\/div>\n\t\t\t\t<\/div>\n\t\t\t\t<div class=\"elementor-element elementor-element-a8290c2 elementor-widget elementor-widget-image\" data-id=\"a8290c2\" data-element_type=\"widget\" data-widget_type=\"image.default\">\n\t\t\t\t<div class=\"elementor-widget-container\">\n\t\t\t\t\t\t\t\t\t\t\t\t\t<img loading=\"lazy\" decoding=\"async\" width=\"150\" height=\"85\" src=\"https:\/\/anut.org.br\/wp-content\/uploads\/2024\/06\/novelis-e1719509300199.jpg\" class=\"attachment-large size-large wp-image-60271\" alt=\"\" \/>\t\t\t\t\t\t\t\t\t\t\t\t\t<\/div>\n\t\t\t\t<\/div>\n\t\t\t\t<div class=\"elementor-element elementor-element-446c3d0 elementor-widget elementor-widget-image\" data-id=\"446c3d0\" data-element_type=\"widget\" data-widget_type=\"image.default\">\n\t\t\t\t<div class=\"elementor-widget-container\">\n\t\t\t\t\t\t\t\t\t\t\t\t\t<img loading=\"lazy\" decoding=\"async\" width=\"272\" height=\"110\" src=\"https:\/\/anut.org.br\/wp-content\/uploads\/2022\/11\/anut-associada-19.png\" class=\"attachment-large size-large wp-image-47817\" alt=\"\" \/>\t\t\t\t\t\t\t\t\t\t\t\t\t<\/div>\n\t\t\t\t<\/div>\n\t\t\t\t<div class=\"elementor-element elementor-element-0d8ba77 elementor-widget elementor-widget-image\" data-id=\"0d8ba77\" data-element_type=\"widget\" data-widget_type=\"image.default\">\n\t\t\t\t<div class=\"elementor-widget-container\">\n\t\t\t\t\t\t\t\t\t\t\t\t\t<img loading=\"lazy\" decoding=\"async\" width=\"215\" height=\"91\" src=\"https:\/\/anut.org.br\/wp-content\/uploads\/2023\/02\/ape.jpg\" class=\"attachment-large size-large wp-image-50535\" alt=\"\" \/>\t\t\t\t\t\t\t\t\t\t\t\t\t<\/div>\n\t\t\t\t<\/div>\n\t\t\t\t<div class=\"elementor-element elementor-element-a61ef6c elementor-widget elementor-widget-image\" data-id=\"a61ef6c\" data-element_type=\"widget\" data-widget_type=\"image.default\">\n\t\t\t\t<div class=\"elementor-widget-container\">\n\t\t\t\t\t\t\t\t\t\t\t\t\t<img loading=\"lazy\" decoding=\"async\" width=\"800\" height=\"280\" src=\"https:\/\/anut.org.br\/wp-content\/uploads\/2024\/03\/Logo-Solucoes-Usiminas-190324-e1719509638526.jpg\" class=\"attachment-large size-large wp-image-58703\" alt=\"\" \/>\t\t\t\t\t\t\t\t\t\t\t\t\t<\/div>\n\t\t\t\t<\/div>\n\t\t\t\t<div class=\"elementor-element elementor-element-be50eb7 elementor-widget elementor-widget-image\" data-id=\"be50eb7\" data-element_type=\"widget\" data-widget_type=\"image.default\">\n\t\t\t\t<div class=\"elementor-widget-container\">\n\t\t\t\t\t\t\t\t\t\t\t\t\t<img loading=\"lazy\" decoding=\"async\" width=\"184\" height=\"131\" src=\"https:\/\/anut.org.br\/wp-content\/uploads\/2022\/11\/anut-associada-22.png\" class=\"attachment-large size-large wp-image-47820\" alt=\"\" \/>\t\t\t\t\t\t\t\t\t\t\t\t\t<\/div>\n\t\t\t\t<\/div>\n\t\t\t\t<div class=\"elementor-element elementor-element-c79ac91 elementor-widget elementor-widget-image\" data-id=\"c79ac91\" data-element_type=\"widget\" data-widget_type=\"image.default\">\n\t\t\t\t<div class=\"elementor-widget-container\">\n\t\t\t\t\t\t\t\t\t\t\t\t\t<img loading=\"lazy\" decoding=\"async\" width=\"267\" height=\"103\" src=\"https:\/\/anut.org.br\/wp-content\/uploads\/2022\/11\/anut-associada-23.png\" class=\"attachment-large size-large wp-image-47821\" alt=\"\" \/>\t\t\t\t\t\t\t\t\t\t\t\t\t<\/div>\n\t\t\t\t<\/div>\n\t\t\t\t<div class=\"elementor-element elementor-element-4802b12 elementor-widget elementor-widget-image\" data-id=\"4802b12\" data-element_type=\"widget\" data-widget_type=\"image.default\">\n\t\t\t\t<div class=\"elementor-widget-container\">\n\t\t\t\t\t\t\t\t\t\t\t\t\t<img loading=\"lazy\" decoding=\"async\" width=\"178\" height=\"94\" src=\"https:\/\/anut.org.br\/wp-content\/uploads\/2022\/11\/anut-associada-24.png\" class=\"attachment-large size-large wp-image-47822\" alt=\"\" \/>\t\t\t\t\t\t\t\t\t\t\t\t\t<\/div>\n\t\t\t\t<\/div>\n\t\t\t\t<div class=\"elementor-element elementor-element-680f7cf elementor-widget elementor-widget-image\" data-id=\"680f7cf\" data-element_type=\"widget\" data-widget_type=\"image.default\">\n\t\t\t\t<div class=\"elementor-widget-container\">\n\t\t\t\t\t\t\t\t\t\t\t\t\t<img loading=\"lazy\" decoding=\"async\" width=\"319\" height=\"80\" src=\"https:\/\/anut.org.br\/wp-content\/uploads\/2024\/07\/logo-usiminas-v2.jpg\" class=\"attachment-large size-large wp-image-60701\" alt=\"\" srcset=\"https:\/\/anut.org.br\/wp-content\/uploads\/2024\/07\/logo-usiminas-v2.jpg 319w, https:\/\/anut.org.br\/wp-content\/uploads\/2024\/07\/logo-usiminas-v2-300x75.jpg 300w\" sizes=\"(max-width: 319px) 100vw, 319px\" \/>\t\t\t\t\t\t\t\t\t\t\t\t\t<\/div>\n\t\t\t\t<\/div>\n\t\t\t\t<div class=\"elementor-element elementor-element-eb475a7 elementor-widget elementor-widget-image\" data-id=\"eb475a7\" data-element_type=\"widget\" data-widget_type=\"image.default\">\n\t\t\t\t<div class=\"elementor-widget-container\">\n\t\t\t\t\t\t\t\t\t\t\t\t\t<img loading=\"lazy\" decoding=\"async\" width=\"260\" height=\"129\" src=\"https:\/\/anut.org.br\/wp-content\/uploads\/2022\/11\/anut-associada-26.png\" class=\"attachment-large size-large wp-image-47824\" alt=\"\" \/>\t\t\t\t\t\t\t\t\t\t\t\t\t<\/div>\n\t\t\t\t<\/div>\n\t\t\t\t<div class=\"elementor-element elementor-element-cc30ad0 elementor-widget elementor-widget-image\" data-id=\"cc30ad0\" data-element_type=\"widget\" data-widget_type=\"image.default\">\n\t\t\t\t<div class=\"elementor-widget-container\">\n\t\t\t\t\t\t\t\t\t\t\t\t\t<img loading=\"lazy\" decoding=\"async\" width=\"213\" height=\"69\" src=\"https:\/\/anut.org.br\/wp-content\/uploads\/2024\/10\/Logo-ld-celulose.jpg\" class=\"attachment-large size-large wp-image-64993\" alt=\"\" \/>\t\t\t\t\t\t\t\t\t\t\t\t\t<\/div>\n\t\t\t\t<\/div>\n\t\t\t\t\t<\/div>\n\t\t\t\t<\/div>\n\t\t<div class=\"elementor-element elementor-element-55e3071 e-flex e-con-boxed e-con e-parent\" data-id=\"55e3071\" data-element_type=\"container\" data-settings=\"{&quot;jet_parallax_layout_list&quot;:[]}\">\n\t\t\t\t\t<div class=\"e-con-inner\">\n\t\t\t\t\t<\/div>\n\t\t\t\t<\/div>\n\t\t\t\t<\/div>\n\t\t","protected":false},"excerpt":{"rendered":"<p>Nossos associados<\/p>\n","protected":false},"author":8,"featured_media":0,"parent":0,"menu_order":0,"comment_status":"closed","ping_status":"closed","template":"","meta":{"_acf_changed":false,"footnotes":""},"class_list":["post-63958","page","type-page","status-publish","hentry"],"acf":[],"yoast_head":"<!-- This site is optimized with the Yoast SEO plugin v27.3 - https:\/\/yoast.com\/product\/yoast-seo-wordpress\/ -->\n<title>Associates - ANUT<\/title>\n<meta name=\"robots\" content=\"index, follow, max-snippet:-1, max-image-preview:large, max-video-preview:-1\" \/>\n<link rel=\"canonical\" href=\"https:\/\/anut.org.br\/en\/associates\/\" \/>\n<meta property=\"og:locale\" content=\"en_US\" \/>\n<meta property=\"og:type\" content=\"article\" \/>\n<meta property=\"og:title\" content=\"Associates - ANUT\" \/>\n<meta property=\"og:description\" content=\"Nossos associados\" \/>\n<meta property=\"og:url\" content=\"https:\/\/anut.org.br\/en\/associates\/\" \/>\n<meta property=\"og:site_name\" content=\"ANUT\" \/>\n<meta property=\"article:modified_time\" content=\"2025-02-03T15:52:18+00:00\" \/>\n<meta property=\"og:image\" content=\"https:\/\/anut.org.br\/wp-content\/uploads\/2025\/02\/arcelor.png\" \/>\n\t<meta property=\"og:image:width\" content=\"264\" \/>\n\t<meta property=\"og:image:height\" content=\"148\" \/>\n\t<meta property=\"og:image:type\" content=\"image\/png\" \/>\n<meta name=\"twitter:card\" content=\"summary_large_image\" \/>\n<script type=\"application\/ld+json\" class=\"yoast-schema-graph\">{\"@context\":\"https:\\\/\\\/schema.org\",\"@graph\":[{\"@type\":\"WebPage\",\"@id\":\"https:\\\/\\\/anut.org.br\\\/en\\\/associates\\\/\",\"url\":\"https:\\\/\\\/anut.org.br\\\/en\\\/associates\\\/\",\"name\":\"Associates - ANUT\",\"isPartOf\":{\"@id\":\"https:\\\/\\\/anut.org.br\\\/en\\\/#website\"},\"primaryImageOfPage\":{\"@id\":\"https:\\\/\\\/anut.org.br\\\/en\\\/associates\\\/#primaryimage\"},\"image\":{\"@id\":\"https:\\\/\\\/anut.org.br\\\/en\\\/associates\\\/#primaryimage\"},\"thumbnailUrl\":\"https:\\\/\\\/anut.org.br\\\/wp-content\\\/uploads\\\/2025\\\/02\\\/arcelor.png\",\"datePublished\":\"2022-11-21T20:10:11+00:00\",\"dateModified\":\"2025-02-03T15:52:18+00:00\",\"breadcrumb\":{\"@id\":\"https:\\\/\\\/anut.org.br\\\/en\\\/associates\\\/#breadcrumb\"},\"inLanguage\":\"en-US\",\"potentialAction\":[{\"@type\":\"ReadAction\",\"target\":[\"https:\\\/\\\/anut.org.br\\\/en\\\/associates\\\/\"]}]},{\"@type\":\"ImageObject\",\"inLanguage\":\"en-US\",\"@id\":\"https:\\\/\\\/anut.org.br\\\/en\\\/associates\\\/#primaryimage\",\"url\":\"https:\\\/\\\/anut.org.br\\\/wp-content\\\/uploads\\\/2025\\\/02\\\/arcelor.png\",\"contentUrl\":\"https:\\\/\\\/anut.org.br\\\/wp-content\\\/uploads\\\/2025\\\/02\\\/arcelor.png\"},{\"@type\":\"BreadcrumbList\",\"@id\":\"https:\\\/\\\/anut.org.br\\\/en\\\/associates\\\/#breadcrumb\",\"itemListElement\":[{\"@type\":\"ListItem\",\"position\":1,\"name\":\"In\u00edcio\",\"item\":\"https:\\\/\\\/anut.org.br\\\/en\\\/?page_id=63977\"},{\"@type\":\"ListItem\",\"position\":2,\"name\":\"Associates\"}]},{\"@type\":\"WebSite\",\"@id\":\"https:\\\/\\\/anut.org.br\\\/en\\\/#website\",\"url\":\"https:\\\/\\\/anut.org.br\\\/en\\\/\",\"name\":\"ANUT\",\"description\":\"Associa\u00e7\u00e3o Nacional dos Usu\u00e1rios do Transporte de Carga\",\"publisher\":{\"@id\":\"https:\\\/\\\/anut.org.br\\\/en\\\/#organization\"},\"potentialAction\":[{\"@type\":\"SearchAction\",\"target\":{\"@type\":\"EntryPoint\",\"urlTemplate\":\"https:\\\/\\\/anut.org.br\\\/en\\\/?s={search_term_string}\"},\"query-input\":{\"@type\":\"PropertyValueSpecification\",\"valueRequired\":true,\"valueName\":\"search_term_string\"}}],\"inLanguage\":\"en-US\"},{\"@type\":\"Organization\",\"@id\":\"https:\\\/\\\/anut.org.br\\\/en\\\/#organization\",\"name\":\"ANUT\",\"url\":\"https:\\\/\\\/anut.org.br\\\/en\\\/\",\"logo\":{\"@type\":\"ImageObject\",\"inLanguage\":\"en-US\",\"@id\":\"https:\\\/\\\/anut.org.br\\\/en\\\/#\\\/schema\\\/logo\\\/image\\\/\",\"url\":\"https:\\\/\\\/anut.org.br\\\/wp-content\\\/uploads\\\/2022\\\/02\\\/cropped-Anut-Logotipo.png\",\"contentUrl\":\"https:\\\/\\\/anut.org.br\\\/wp-content\\\/uploads\\\/2022\\\/02\\\/cropped-Anut-Logotipo.png\",\"width\":595,\"height\":184,\"caption\":\"ANUT\"},\"image\":{\"@id\":\"https:\\\/\\\/anut.org.br\\\/en\\\/#\\\/schema\\\/logo\\\/image\\\/\"}}]}<\/script>\n<!-- \/ Yoast SEO plugin. -->","yoast_head_json":{"title":"Associates - ANUT","robots":{"index":"index","follow":"follow","max-snippet":"max-snippet:-1","max-image-preview":"max-image-preview:large","max-video-preview":"max-video-preview:-1"},"canonical":"https:\/\/anut.org.br\/en\/associates\/","og_locale":"en_US","og_type":"article","og_title":"Associates - ANUT","og_description":"Nossos associados","og_url":"https:\/\/anut.org.br\/en\/associates\/","og_site_name":"ANUT","article_modified_time":"2025-02-03T15:52:18+00:00","og_image":[{"width":264,"height":148,"url":"https:\/\/anut.org.br\/wp-content\/uploads\/2025\/02\/arcelor.png","type":"image\/png"}],"twitter_card":"summary_large_image","schema":{"@context":"https:\/\/schema.org","@graph":[{"@type":"WebPage","@id":"https:\/\/anut.org.br\/en\/associates\/","url":"https:\/\/anut.org.br\/en\/associates\/","name":"Associates - ANUT","isPartOf":{"@id":"https:\/\/anut.org.br\/en\/#website"},"primaryImageOfPage":{"@id":"https:\/\/anut.org.br\/en\/associates\/#primaryimage"},"image":{"@id":"https:\/\/anut.org.br\/en\/associates\/#primaryimage"},"thumbnailUrl":"https:\/\/anut.org.br\/wp-content\/uploads\/2025\/02\/arcelor.png","datePublished":"2022-11-21T20:10:11+00:00","dateModified":"2025-02-03T15:52:18+00:00","breadcrumb":{"@id":"https:\/\/anut.org.br\/en\/associates\/#breadcrumb"},"inLanguage":"en-US","potentialAction":[{"@type":"ReadAction","target":["https:\/\/anut.org.br\/en\/associates\/"]}]},{"@type":"ImageObject","inLanguage":"en-US","@id":"https:\/\/anut.org.br\/en\/associates\/#primaryimage","url":"https:\/\/anut.org.br\/wp-content\/uploads\/2025\/02\/arcelor.png","contentUrl":"https:\/\/anut.org.br\/wp-content\/uploads\/2025\/02\/arcelor.png"},{"@type":"BreadcrumbList","@id":"https:\/\/anut.org.br\/en\/associates\/#breadcrumb","itemListElement":[{"@type":"ListItem","position":1,"name":"In\u00edcio","item":"https:\/\/anut.org.br\/en\/?page_id=63977"},{"@type":"ListItem","position":2,"name":"Associates"}]},{"@type":"WebSite","@id":"https:\/\/anut.org.br\/en\/#website","url":"https:\/\/anut.org.br\/en\/","name":"ANUT","description":"Associa\u00e7\u00e3o Nacional dos Usu\u00e1rios do Transporte de Carga","publisher":{"@id":"https:\/\/anut.org.br\/en\/#organization"},"potentialAction":[{"@type":"SearchAction","target":{"@type":"EntryPoint","urlTemplate":"https:\/\/anut.org.br\/en\/?s={search_term_string}"},"query-input":{"@type":"PropertyValueSpecification","valueRequired":true,"valueName":"search_term_string"}}],"inLanguage":"en-US"},{"@type":"Organization","@id":"https:\/\/anut.org.br\/en\/#organization","name":"ANUT","url":"https:\/\/anut.org.br\/en\/","logo":{"@type":"ImageObject","inLanguage":"en-US","@id":"https:\/\/anut.org.br\/en\/#\/schema\/logo\/image\/","url":"https:\/\/anut.org.br\/wp-content\/uploads\/2022\/02\/cropped-Anut-Logotipo.png","contentUrl":"https:\/\/anut.org.br\/wp-content\/uploads\/2022\/02\/cropped-Anut-Logotipo.png","width":595,"height":184,"caption":"ANUT"},"image":{"@id":"https:\/\/anut.org.br\/en\/#\/schema\/logo\/image\/"}}]}},"_links":{"self":[{"href":"https:\/\/anut.org.br\/en\/wp-json\/wp\/v2\/pages\/63958","targetHints":{"allow":["GET"]}}],"collection":[{"href":"https:\/\/anut.org.br\/en\/wp-json\/wp\/v2\/pages"}],"about":[{"href":"https:\/\/anut.org.br\/en\/wp-json\/wp\/v2\/types\/page"}],"author":[{"embeddable":true,"href":"https:\/\/anut.org.br\/en\/wp-json\/wp\/v2\/users\/8"}],"replies":[{"embeddable":true,"href":"https:\/\/anut.org.br\/en\/wp-json\/wp\/v2\/comments?post=63958"}],"version-history":[{"count":11,"href":"https:\/\/anut.org.br\/en\/wp-json\/wp\/v2\/pages\/63958\/revisions"}],"predecessor-version":[{"id":68140,"href":"https:\/\/anut.org.br\/en\/wp-json\/wp\/v2\/pages\/63958\/revisions\/68140"}],"wp:attachment":[{"href":"https:\/\/anut.org.br\/en\/wp-json\/wp\/v2\/media?parent=63958"}],"curies":[{"name":"wp","href":"https:\/\/api.w.org\/{rel}","templated":true}]}}