{"id":63951,"date":"2022-11-23T13:38:37","date_gmt":"2022-11-23T16:38:37","guid":{"rendered":"https:\/\/anut.org.br\/news-channels\/"},"modified":"2024-09-17T16:34:31","modified_gmt":"2024-09-17T19:34:31","slug":"news-channels","status":"publish","type":"page","link":"https:\/\/anut.org.br\/en\/news-channels\/","title":{"rendered":"News Channels"},"content":{"rendered":"\t\t<div data-elementor-type=\"wp-page\" data-elementor-id=\"63951\" class=\"elementor elementor-63951 elementor-47650\" data-elementor-post-type=\"page\">\n\t\t\t\t<div class=\"elementor-element elementor-element-3af4478 e-flex e-con-boxed e-con e-parent\" data-id=\"3af4478\" data-element_type=\"container\" data-settings=\"{&quot;background_background&quot;:&quot;classic&quot;,&quot;background_motion_fx_motion_fx_scrolling&quot;:&quot;yes&quot;,&quot;jet_parallax_layout_list&quot;:[],&quot;background_motion_fx_devices&quot;:[&quot;desktop&quot;,&quot;tablet&quot;,&quot;mobile&quot;]}\">\n\t\t\t\t\t<div class=\"e-con-inner\">\n\t\t\t\t<div class=\"elementor-element elementor-element-90c1773 elementor-widget elementor-widget-heading\" data-id=\"90c1773\" data-element_type=\"widget\" data-widget_type=\"heading.default\">\n\t\t\t\t<div class=\"elementor-widget-container\">\n\t\t\t<style>\/*! elementor - v3.23.0 - 05-08-2024 *\/\n.elementor-heading-title{padding:0;margin:0;line-height:1}.elementor-widget-heading .elementor-heading-title[class*=elementor-size-]>a{color:inherit;font-size:inherit;line-height:inherit}.elementor-widget-heading .elementor-heading-title.elementor-size-small{font-size:15px}.elementor-widget-heading .elementor-heading-title.elementor-size-medium{font-size:19px}.elementor-widget-heading .elementor-heading-title.elementor-size-large{font-size:29px}.elementor-widget-heading .elementor-heading-title.elementor-size-xl{font-size:39px}.elementor-widget-heading .elementor-heading-title.elementor-size-xxl{font-size:59px}<\/style><h1 class=\"elementor-heading-title elementor-size-default\">News Channels<\/h1>\t\t<\/div>\n\t\t\t\t<\/div>\n\t\t\t\t\t<\/div>\n\t\t\t\t<\/div>\n\t\t<div class=\"elementor-element elementor-element-704f3d33 e-flex e-con-boxed e-con e-parent\" data-id=\"704f3d33\" data-element_type=\"container\" data-settings=\"{&quot;jet_parallax_layout_list&quot;:[]}\">\n\t\t\t\t\t<div class=\"e-con-inner\">\n\t\t\t\t<div class=\"elementor-element elementor-element-499c3faf elementor-widget elementor-widget-text-editor\" data-id=\"499c3faf\" data-element_type=\"widget\" data-widget_type=\"text-editor.default\">\n\t\t\t\t<div class=\"elementor-widget-container\">\n\t\t\t<style>\/*! elementor - v3.23.0 - 05-08-2024 *\/\n.elementor-widget-text-editor.elementor-drop-cap-view-stacked .elementor-drop-cap{background-color:#69727d;color:#fff}.elementor-widget-text-editor.elementor-drop-cap-view-framed .elementor-drop-cap{color:#69727d;border:3px solid;background-color:transparent}.elementor-widget-text-editor:not(.elementor-drop-cap-view-default) .elementor-drop-cap{margin-top:8px}.elementor-widget-text-editor:not(.elementor-drop-cap-view-default) .elementor-drop-cap-letter{width:1em;height:1em}.elementor-widget-text-editor .elementor-drop-cap{float:left;text-align:center;line-height:1;font-size:50px}.elementor-widget-text-editor .elementor-drop-cap-letter{display:inline-block}<\/style>\t\t\t\t\n<p><\/p>\n\n\n\n<p>MINISTRY OF INFRASTRUCTURE<br><a href=\"https:\/\/www.gov.br\/infraestrutura\/pt-br\">https:\/\/www.gov.br\/infraestrutura\/pt-br<\/a><\/p>\n\n\n\n<p>ANTT <br><a href=\"https:\/\/www.gov.br\/antt\/pt-br\">https:\/\/www.gov.br\/antt\/pt-br<\/a><\/p>\n\n\n\n<p>ANTAQ <br><a href=\"https:\/\/www.gov.br\/antaq\/pt-br\">https:\/\/www.gov.br\/antaq\/pt-br<\/a><\/p>\n\n\n\n<p>YOUTUBE ANTT <br><a href=\"https:\/\/www.youtube.com\/@canalANTT\">https:\/\/www.youtube.com\/@canalANTT<\/a><\/p>\n\n\n\n<p>YOUTUBE ANTAQ <br><a href=\"https:\/\/www.youtube.com\/@CanalANTAQ\">https:\/\/www.youtube.com\/@CanalANTAQ<\/a><\/p>\n\n\n\n<p>PORTS AND SHIPS MAGAZINE <br><a href=\"https:\/\/www.portosenavios.com.br\/\">https:\/\/www.portosenavios.com.br\/<\/a><\/p>\n\n\n\n<p>RAILWAY MAGAZINE <br><a href=\"https:\/\/revistaferroviaria.com.br\/\">https:\/\/revistaferroviaria.com.br\/<\/a> <\/p>\n\n\n\n<p>PORTAL NTC <br><a href=\"https:\/\/www.portalntc.org.br\/\">https:\/\/www.portalntc.org.br\/<\/a><\/p>\n\t\t\t\t\t\t<\/div>\n\t\t\t\t<\/div>\n\t\t\t\t\t<\/div>\n\t\t\t\t<\/div>\n\t\t\t\t<\/div>\n\t\t","protected":false},"excerpt":{"rendered":"<p>News Channels MINISTRY OF INFRASTRUCTUREhttps:\/\/www.gov.br\/infraestrutura\/pt-br ANTT https:\/\/www.gov.br\/antt\/pt-br ANTAQ https:\/\/www.gov.br\/antaq\/pt-br YOUTUBE ANTT https:\/\/www.youtube.com\/@canalANTT YOUTUBE ANTAQ https:\/\/www.youtube.com\/@CanalANTAQ PORTS AND SHIPS MAGAZINE https:\/\/www.portosenavios.com.br\/ RAILWAY MAGAZINE https:\/\/revistaferroviaria.com.br\/ PORTAL NTC https:\/\/www.portalntc.org.br\/<\/p>\n","protected":false},"author":8,"featured_media":0,"parent":0,"menu_order":0,"comment_status":"closed","ping_status":"closed","template":"","meta":{"_acf_changed":false,"footnotes":""},"class_list":["post-63951","page","type-page","status-publish","hentry"],"acf":[],"yoast_head":"<!-- This site is optimized with the Yoast SEO plugin v27.3 - https:\/\/yoast.com\/product\/yoast-seo-wordpress\/ -->\n<title>News Channels - ANUT<\/title>\n<meta name=\"robots\" content=\"index, follow, max-snippet:-1, max-image-preview:large, max-video-preview:-1\" \/>\n<link rel=\"canonical\" href=\"https:\/\/anut.org.br\/en\/news-channels\/\" \/>\n<meta property=\"og:locale\" content=\"en_US\" \/>\n<meta property=\"og:type\" content=\"article\" \/>\n<meta property=\"og:title\" content=\"News Channels - ANUT\" \/>\n<meta property=\"og:description\" content=\"News Channels MINISTRY OF INFRASTRUCTUREhttps:\/\/www.gov.br\/infraestrutura\/pt-br ANTT https:\/\/www.gov.br\/antt\/pt-br ANTAQ https:\/\/www.gov.br\/antaq\/pt-br YOUTUBE ANTT https:\/\/www.youtube.com\/@canalANTT YOUTUBE ANTAQ https:\/\/www.youtube.com\/@CanalANTAQ PORTS AND SHIPS MAGAZINE https:\/\/www.portosenavios.com.br\/ RAILWAY MAGAZINE https:\/\/revistaferroviaria.com.br\/ PORTAL NTC https:\/\/www.portalntc.org.br\/\" \/>\n<meta property=\"og:url\" content=\"https:\/\/anut.org.br\/en\/news-channels\/\" \/>\n<meta property=\"og:site_name\" content=\"ANUT\" \/>\n<meta property=\"article:modified_time\" content=\"2024-09-17T19:34:31+00:00\" \/>\n<meta name=\"twitter:card\" content=\"summary_large_image\" \/>\n<script type=\"application\/ld+json\" class=\"yoast-schema-graph\">{\"@context\":\"https:\\\/\\\/schema.org\",\"@graph\":[{\"@type\":\"WebPage\",\"@id\":\"https:\\\/\\\/anut.org.br\\\/en\\\/news-channels\\\/\",\"url\":\"https:\\\/\\\/anut.org.br\\\/en\\\/news-channels\\\/\",\"name\":\"News Channels - ANUT\",\"isPartOf\":{\"@id\":\"https:\\\/\\\/anut.org.br\\\/en\\\/#website\"},\"datePublished\":\"2022-11-23T16:38:37+00:00\",\"dateModified\":\"2024-09-17T19:34:31+00:00\",\"breadcrumb\":{\"@id\":\"https:\\\/\\\/anut.org.br\\\/en\\\/news-channels\\\/#breadcrumb\"},\"inLanguage\":\"en-US\",\"potentialAction\":[{\"@type\":\"ReadAction\",\"target\":[\"https:\\\/\\\/anut.org.br\\\/en\\\/news-channels\\\/\"]}]},{\"@type\":\"BreadcrumbList\",\"@id\":\"https:\\\/\\\/anut.org.br\\\/en\\\/news-channels\\\/#breadcrumb\",\"itemListElement\":[{\"@type\":\"ListItem\",\"position\":1,\"name\":\"In\u00edcio\",\"item\":\"https:\\\/\\\/anut.org.br\\\/en\\\/?page_id=63977\"},{\"@type\":\"ListItem\",\"position\":2,\"name\":\"News Channels\"}]},{\"@type\":\"WebSite\",\"@id\":\"https:\\\/\\\/anut.org.br\\\/en\\\/#website\",\"url\":\"https:\\\/\\\/anut.org.br\\\/en\\\/\",\"name\":\"ANUT\",\"description\":\"Associa\u00e7\u00e3o Nacional dos Usu\u00e1rios do Transporte de Carga\",\"publisher\":{\"@id\":\"https:\\\/\\\/anut.org.br\\\/en\\\/#organization\"},\"potentialAction\":[{\"@type\":\"SearchAction\",\"target\":{\"@type\":\"EntryPoint\",\"urlTemplate\":\"https:\\\/\\\/anut.org.br\\\/en\\\/?s={search_term_string}\"},\"query-input\":{\"@type\":\"PropertyValueSpecification\",\"valueRequired\":true,\"valueName\":\"search_term_string\"}}],\"inLanguage\":\"en-US\"},{\"@type\":\"Organization\",\"@id\":\"https:\\\/\\\/anut.org.br\\\/en\\\/#organization\",\"name\":\"ANUT\",\"url\":\"https:\\\/\\\/anut.org.br\\\/en\\\/\",\"logo\":{\"@type\":\"ImageObject\",\"inLanguage\":\"en-US\",\"@id\":\"https:\\\/\\\/anut.org.br\\\/en\\\/#\\\/schema\\\/logo\\\/image\\\/\",\"url\":\"https:\\\/\\\/anut.org.br\\\/wp-content\\\/uploads\\\/2022\\\/02\\\/cropped-Anut-Logotipo.png\",\"contentUrl\":\"https:\\\/\\\/anut.org.br\\\/wp-content\\\/uploads\\\/2022\\\/02\\\/cropped-Anut-Logotipo.png\",\"width\":595,\"height\":184,\"caption\":\"ANUT\"},\"image\":{\"@id\":\"https:\\\/\\\/anut.org.br\\\/en\\\/#\\\/schema\\\/logo\\\/image\\\/\"}}]}<\/script>\n<!-- \/ Yoast SEO plugin. -->","yoast_head_json":{"title":"News Channels - ANUT","robots":{"index":"index","follow":"follow","max-snippet":"max-snippet:-1","max-image-preview":"max-image-preview:large","max-video-preview":"max-video-preview:-1"},"canonical":"https:\/\/anut.org.br\/en\/news-channels\/","og_locale":"en_US","og_type":"article","og_title":"News Channels - ANUT","og_description":"News Channels MINISTRY OF INFRASTRUCTUREhttps:\/\/www.gov.br\/infraestrutura\/pt-br ANTT https:\/\/www.gov.br\/antt\/pt-br ANTAQ https:\/\/www.gov.br\/antaq\/pt-br YOUTUBE ANTT https:\/\/www.youtube.com\/@canalANTT YOUTUBE ANTAQ https:\/\/www.youtube.com\/@CanalANTAQ PORTS AND SHIPS MAGAZINE https:\/\/www.portosenavios.com.br\/ RAILWAY MAGAZINE https:\/\/revistaferroviaria.com.br\/ PORTAL NTC https:\/\/www.portalntc.org.br\/","og_url":"https:\/\/anut.org.br\/en\/news-channels\/","og_site_name":"ANUT","article_modified_time":"2024-09-17T19:34:31+00:00","twitter_card":"summary_large_image","schema":{"@context":"https:\/\/schema.org","@graph":[{"@type":"WebPage","@id":"https:\/\/anut.org.br\/en\/news-channels\/","url":"https:\/\/anut.org.br\/en\/news-channels\/","name":"News Channels - ANUT","isPartOf":{"@id":"https:\/\/anut.org.br\/en\/#website"},"datePublished":"2022-11-23T16:38:37+00:00","dateModified":"2024-09-17T19:34:31+00:00","breadcrumb":{"@id":"https:\/\/anut.org.br\/en\/news-channels\/#breadcrumb"},"inLanguage":"en-US","potentialAction":[{"@type":"ReadAction","target":["https:\/\/anut.org.br\/en\/news-channels\/"]}]},{"@type":"BreadcrumbList","@id":"https:\/\/anut.org.br\/en\/news-channels\/#breadcrumb","itemListElement":[{"@type":"ListItem","position":1,"name":"In\u00edcio","item":"https:\/\/anut.org.br\/en\/?page_id=63977"},{"@type":"ListItem","position":2,"name":"News Channels"}]},{"@type":"WebSite","@id":"https:\/\/anut.org.br\/en\/#website","url":"https:\/\/anut.org.br\/en\/","name":"ANUT","description":"Associa\u00e7\u00e3o Nacional dos Usu\u00e1rios do Transporte de Carga","publisher":{"@id":"https:\/\/anut.org.br\/en\/#organization"},"potentialAction":[{"@type":"SearchAction","target":{"@type":"EntryPoint","urlTemplate":"https:\/\/anut.org.br\/en\/?s={search_term_string}"},"query-input":{"@type":"PropertyValueSpecification","valueRequired":true,"valueName":"search_term_string"}}],"inLanguage":"en-US"},{"@type":"Organization","@id":"https:\/\/anut.org.br\/en\/#organization","name":"ANUT","url":"https:\/\/anut.org.br\/en\/","logo":{"@type":"ImageObject","inLanguage":"en-US","@id":"https:\/\/anut.org.br\/en\/#\/schema\/logo\/image\/","url":"https:\/\/anut.org.br\/wp-content\/uploads\/2022\/02\/cropped-Anut-Logotipo.png","contentUrl":"https:\/\/anut.org.br\/wp-content\/uploads\/2022\/02\/cropped-Anut-Logotipo.png","width":595,"height":184,"caption":"ANUT"},"image":{"@id":"https:\/\/anut.org.br\/en\/#\/schema\/logo\/image\/"}}]}},"_links":{"self":[{"href":"https:\/\/anut.org.br\/en\/wp-json\/wp\/v2\/pages\/63951","targetHints":{"allow":["GET"]}}],"collection":[{"href":"https:\/\/anut.org.br\/en\/wp-json\/wp\/v2\/pages"}],"about":[{"href":"https:\/\/anut.org.br\/en\/wp-json\/wp\/v2\/types\/page"}],"author":[{"embeddable":true,"href":"https:\/\/anut.org.br\/en\/wp-json\/wp\/v2\/users\/8"}],"replies":[{"embeddable":true,"href":"https:\/\/anut.org.br\/en\/wp-json\/wp\/v2\/comments?post=63951"}],"version-history":[{"count":12,"href":"https:\/\/anut.org.br\/en\/wp-json\/wp\/v2\/pages\/63951\/revisions"}],"predecessor-version":[{"id":63990,"href":"https:\/\/anut.org.br\/en\/wp-json\/wp\/v2\/pages\/63951\/revisions\/63990"}],"wp:attachment":[{"href":"https:\/\/anut.org.br\/en\/wp-json\/wp\/v2\/media?parent=63951"}],"curies":[{"name":"wp","href":"https:\/\/api.w.org\/{rel}","templated":true}]}}