{"id":63950,"date":"2024-09-03T09:37:03","date_gmt":"2024-09-03T12:37:03","guid":{"rendered":"https:\/\/anut.org.br\/plvb\/"},"modified":"2024-09-17T16:34:30","modified_gmt":"2024-09-17T19:34:30","slug":"plvb","status":"publish","type":"page","link":"https:\/\/anut.org.br\/en\/plvb\/","title":{"rendered":"PLVB"},"content":{"rendered":"\t\t<div data-elementor-type=\"wp-page\" data-elementor-id=\"63950\" class=\"elementor elementor-63950 elementor-62360\" data-elementor-post-type=\"page\">\n\t\t\t\t<div class=\"elementor-element elementor-element-f036845 e-flex e-con-boxed e-con e-parent\" data-id=\"f036845\" data-element_type=\"container\" data-settings=\"{&quot;background_background&quot;:&quot;classic&quot;,&quot;jet_parallax_layout_list&quot;:[]}\">\n\t\t\t\t\t<div class=\"e-con-inner\">\n\t\t\t\t<div class=\"elementor-element elementor-element-c71b4c8 elementor-widget elementor-widget-heading\" data-id=\"c71b4c8\" data-element_type=\"widget\" data-widget_type=\"heading.default\">\n\t\t\t\t<div class=\"elementor-widget-container\">\n\t\t\t<style>\/*! elementor - v3.23.0 - 05-08-2024 *\/\n.elementor-heading-title{padding:0;margin:0;line-height:1}.elementor-widget-heading .elementor-heading-title[class*=elementor-size-]>a{color:inherit;font-size:inherit;line-height:inherit}.elementor-widget-heading .elementor-heading-title.elementor-size-small{font-size:15px}.elementor-widget-heading .elementor-heading-title.elementor-size-medium{font-size:19px}.elementor-widget-heading .elementor-heading-title.elementor-size-large{font-size:29px}.elementor-widget-heading .elementor-heading-title.elementor-size-xl{font-size:39px}.elementor-widget-heading .elementor-heading-title.elementor-size-xxl{font-size:59px}<\/style><h1 class=\"elementor-heading-title elementor-size-default\">PLVB<\/h1>\t\t<\/div>\n\t\t\t\t<\/div>\n\t\t\t\t\t<\/div>\n\t\t\t\t<\/div>\n\t\t<div class=\"elementor-element elementor-element-7334eb6 e-flex e-con-boxed e-con e-parent\" data-id=\"7334eb6\" data-element_type=\"container\" data-settings=\"{&quot;jet_parallax_layout_list&quot;:[]}\">\n\t\t\t\t\t<div class=\"e-con-inner\">\n\t\t\t\t<div class=\"elementor-element elementor-element-1dec38c elementor-widget elementor-widget-heading\" data-id=\"1dec38c\" data-element_type=\"widget\" data-widget_type=\"heading.default\">\n\t\t\t\t<div class=\"elementor-widget-container\">\n\t\t\t<h4 class=\"elementor-heading-title elementor-size-default\">INSTITUTIONAL SUPPORT AGREEMENT FOR THE GREEN LOGISTICS PROGRAM BRAZIL<\/h4>\t\t<\/div>\n\t\t\t\t<\/div>\n\t\t\t\t<div class=\"elementor-element elementor-element-cfb9fb2 elementor-widget elementor-widget-text-editor\" data-id=\"cfb9fb2\" data-element_type=\"widget\" data-widget_type=\"text-editor.default\">\n\t\t\t\t<div class=\"elementor-widget-container\">\n\t\t\t<style>\/*! elementor - v3.23.0 - 05-08-2024 *\/\n.elementor-widget-text-editor.elementor-drop-cap-view-stacked .elementor-drop-cap{background-color:#69727d;color:#fff}.elementor-widget-text-editor.elementor-drop-cap-view-framed .elementor-drop-cap{color:#69727d;border:3px solid;background-color:transparent}.elementor-widget-text-editor:not(.elementor-drop-cap-view-default) .elementor-drop-cap{margin-top:8px}.elementor-widget-text-editor:not(.elementor-drop-cap-view-default) .elementor-drop-cap-letter{width:1em;height:1em}.elementor-widget-text-editor .elementor-drop-cap{float:left;text-align:center;line-height:1;font-size:50px}.elementor-widget-text-editor .elementor-drop-cap-letter{display:inline-block}<\/style>\t\t\t\t<p>ANUT &#8211; Associa\u00e7\u00e3o Nacional dos Usu\u00e1rios do Transporte De Carga (National Association of Freight Transport Users) and IBTS &#8211; Instituto Brasileiro de Transporte Sustent\u00e1vel (Brazilian Institute of Sustainable Transport), as manager of PLVB\u00ae &#8211; Programa de Log\u00edstica Verde Brasil (Brazil Green Logistics Program), sign this instrument of institutional support agreement, aimed at disseminating initiatives, involving the following actions:<\/p>\n<ol>\n<li>Disclosure of the ANUT logo and website link on the PLVB\u00ae website and the PLVB\u00ae logo and website link on the ANUT website, creating a mutual path to recognition of their work on sustainability in logistics;<\/li>\n<li>Inclusion of the PLVB\u00ae logo and website link, at ANUT&#8217;s discretion, when promoting events on sustainability in logistics.<br \/>\nThe same may be done in the promotional materials for events held by the PLVB\u00ae; <\/li>\n<li>Inform the PLVB\u00ae coordinators of any activities on sustainability in logistics that ANUT may promote.<br \/>\nThe same will be done for activities carried out by the PLVB\u00ae following guidelines on the communication channel to be chosen by ANUT; <\/li>\n<li>Publicize the implementation of activities on sustainability in logistics on their respective websites and communication channels;<\/li>\n<li>To publicize, whenever possible, the mutual institutional support between PLVB\u00ae and ANUT in the communication channels it participates in on issues related to sustainability in logistics.<\/li>\n<\/ol>\n\t\t\t\t\t\t<\/div>\n\t\t\t\t<\/div>\n\t\t\t\t<div class=\"elementor-element elementor-element-bd90d58 elementor-widget elementor-widget-text-editor\" data-id=\"bd90d58\" data-element_type=\"widget\" data-widget_type=\"text-editor.default\">\n\t\t\t\t<div class=\"elementor-widget-container\">\n\t\t\t\t\t\t\t<p>And so, being just and agreed, ANUT and IBTS sign this agreement in 2 (two) copies of equal content, so that it may produce its effects.<\/p>\n\t\t\t\t\t\t<\/div>\n\t\t\t\t<\/div>\n\t\t\t\t<div class=\"elementor-element elementor-element-f7c97af elementor-widget elementor-widget-button\" data-id=\"f7c97af\" data-element_type=\"widget\" data-widget_type=\"button.default\">\n\t\t\t\t<div class=\"elementor-widget-container\">\n\t\t\t\t\t<div class=\"elementor-button-wrapper\">\n\t\t\t<a class=\"elementor-button elementor-button-link elementor-size-sm\" href=\"https:\/\/plvb.org.br\">\n\t\t\t\t\t\t<span class=\"elementor-button-content-wrapper\">\n\t\t\t\t\t\t\t\t\t<span class=\"elementor-button-text\">Go to the PLVB website<\/span>\n\t\t\t\t\t<\/span>\n\t\t\t\t\t<\/a>\n\t\t<\/div>\n\t\t\t\t<\/div>\n\t\t\t\t<\/div>\n\t\t\t\t\t<\/div>\n\t\t\t\t<\/div>\n\t\t\t\t<\/div>\n\t\t","protected":false},"excerpt":{"rendered":"<p>PLVB INSTITUTIONAL SUPPORT AGREEMENT FOR THE GREEN LOGISTICS PROGRAM BRAZIL ANUT &#8211; Associa\u00e7\u00e3o Nacional dos Usu\u00e1rios do Transporte De Carga (National Association of Freight Transport Users) and IBTS &#8211; Instituto Brasileiro de Transporte Sustent\u00e1vel (Brazilian Institute of Sustainable Transport), as manager of PLVB\u00ae &#8211; Programa de Log\u00edstica Verde Brasil (Brazil Green Logistics Program), sign this [&hellip;]<\/p>\n","protected":false},"author":13,"featured_media":0,"parent":0,"menu_order":0,"comment_status":"closed","ping_status":"closed","template":"","meta":{"_acf_changed":false,"footnotes":""},"class_list":["post-63950","page","type-page","status-publish","hentry"],"acf":[],"yoast_head":"<!-- This site is optimized with the Yoast SEO plugin v27.4 - https:\/\/yoast.com\/product\/yoast-seo-wordpress\/ -->\n<title>PLVB - ANUT<\/title>\n<meta name=\"robots\" content=\"index, follow, max-snippet:-1, max-image-preview:large, max-video-preview:-1\" \/>\n<link rel=\"canonical\" href=\"https:\/\/anut.org.br\/en\/plvb\/\" \/>\n<meta property=\"og:locale\" content=\"en_US\" \/>\n<meta property=\"og:type\" content=\"article\" \/>\n<meta property=\"og:title\" content=\"PLVB - ANUT\" \/>\n<meta property=\"og:description\" content=\"PLVB INSTITUTIONAL SUPPORT AGREEMENT FOR THE GREEN LOGISTICS PROGRAM BRAZIL ANUT &#8211; Associa\u00e7\u00e3o Nacional dos Usu\u00e1rios do Transporte De Carga (National Association of Freight Transport Users) and IBTS &#8211; Instituto Brasileiro de Transporte Sustent\u00e1vel (Brazilian Institute of Sustainable Transport), as manager of PLVB\u00ae &#8211; Programa de Log\u00edstica Verde Brasil (Brazil Green Logistics Program), sign this [&hellip;]\" \/>\n<meta property=\"og:url\" content=\"https:\/\/anut.org.br\/en\/plvb\/\" \/>\n<meta property=\"og:site_name\" content=\"ANUT\" \/>\n<meta property=\"article:modified_time\" content=\"2024-09-17T19:34:30+00:00\" \/>\n<meta name=\"twitter:card\" content=\"summary_large_image\" \/>\n<meta name=\"twitter:label1\" content=\"Est. reading time\" \/>\n\t<meta name=\"twitter:data1\" content=\"1 minute\" \/>\n<script type=\"application\/ld+json\" class=\"yoast-schema-graph\">{\"@context\":\"https:\\\/\\\/schema.org\",\"@graph\":[{\"@type\":\"WebPage\",\"@id\":\"https:\\\/\\\/anut.org.br\\\/en\\\/plvb\\\/\",\"url\":\"https:\\\/\\\/anut.org.br\\\/en\\\/plvb\\\/\",\"name\":\"PLVB - ANUT\",\"isPartOf\":{\"@id\":\"https:\\\/\\\/anut.org.br\\\/en\\\/#website\"},\"datePublished\":\"2024-09-03T12:37:03+00:00\",\"dateModified\":\"2024-09-17T19:34:30+00:00\",\"breadcrumb\":{\"@id\":\"https:\\\/\\\/anut.org.br\\\/en\\\/plvb\\\/#breadcrumb\"},\"inLanguage\":\"en-US\",\"potentialAction\":[{\"@type\":\"ReadAction\",\"target\":[\"https:\\\/\\\/anut.org.br\\\/en\\\/plvb\\\/\"]}]},{\"@type\":\"BreadcrumbList\",\"@id\":\"https:\\\/\\\/anut.org.br\\\/en\\\/plvb\\\/#breadcrumb\",\"itemListElement\":[{\"@type\":\"ListItem\",\"position\":1,\"name\":\"In\u00edcio\",\"item\":\"https:\\\/\\\/anut.org.br\\\/en\\\/?page_id=63977\"},{\"@type\":\"ListItem\",\"position\":2,\"name\":\"PLVB\"}]},{\"@type\":\"WebSite\",\"@id\":\"https:\\\/\\\/anut.org.br\\\/en\\\/#website\",\"url\":\"https:\\\/\\\/anut.org.br\\\/en\\\/\",\"name\":\"ANUT\",\"description\":\"Associa\u00e7\u00e3o Nacional dos Usu\u00e1rios do Transporte de Carga\",\"publisher\":{\"@id\":\"https:\\\/\\\/anut.org.br\\\/en\\\/#organization\"},\"potentialAction\":[{\"@type\":\"SearchAction\",\"target\":{\"@type\":\"EntryPoint\",\"urlTemplate\":\"https:\\\/\\\/anut.org.br\\\/en\\\/?s={search_term_string}\"},\"query-input\":{\"@type\":\"PropertyValueSpecification\",\"valueRequired\":true,\"valueName\":\"search_term_string\"}}],\"inLanguage\":\"en-US\"},{\"@type\":\"Organization\",\"@id\":\"https:\\\/\\\/anut.org.br\\\/en\\\/#organization\",\"name\":\"ANUT\",\"url\":\"https:\\\/\\\/anut.org.br\\\/en\\\/\",\"logo\":{\"@type\":\"ImageObject\",\"inLanguage\":\"en-US\",\"@id\":\"https:\\\/\\\/anut.org.br\\\/en\\\/#\\\/schema\\\/logo\\\/image\\\/\",\"url\":\"https:\\\/\\\/anut.org.br\\\/wp-content\\\/uploads\\\/2022\\\/02\\\/cropped-Anut-Logotipo.png\",\"contentUrl\":\"https:\\\/\\\/anut.org.br\\\/wp-content\\\/uploads\\\/2022\\\/02\\\/cropped-Anut-Logotipo.png\",\"width\":595,\"height\":184,\"caption\":\"ANUT\"},\"image\":{\"@id\":\"https:\\\/\\\/anut.org.br\\\/en\\\/#\\\/schema\\\/logo\\\/image\\\/\"}}]}<\/script>\n<!-- \/ Yoast SEO plugin. -->","yoast_head_json":{"title":"PLVB - ANUT","robots":{"index":"index","follow":"follow","max-snippet":"max-snippet:-1","max-image-preview":"max-image-preview:large","max-video-preview":"max-video-preview:-1"},"canonical":"https:\/\/anut.org.br\/en\/plvb\/","og_locale":"en_US","og_type":"article","og_title":"PLVB - ANUT","og_description":"PLVB INSTITUTIONAL SUPPORT AGREEMENT FOR THE GREEN LOGISTICS PROGRAM BRAZIL ANUT &#8211; Associa\u00e7\u00e3o Nacional dos Usu\u00e1rios do Transporte De Carga (National Association of Freight Transport Users) and IBTS &#8211; Instituto Brasileiro de Transporte Sustent\u00e1vel (Brazilian Institute of Sustainable Transport), as manager of PLVB\u00ae &#8211; Programa de Log\u00edstica Verde Brasil (Brazil Green Logistics Program), sign this [&hellip;]","og_url":"https:\/\/anut.org.br\/en\/plvb\/","og_site_name":"ANUT","article_modified_time":"2024-09-17T19:34:30+00:00","twitter_card":"summary_large_image","twitter_misc":{"Est. reading time":"1 minute"},"schema":{"@context":"https:\/\/schema.org","@graph":[{"@type":"WebPage","@id":"https:\/\/anut.org.br\/en\/plvb\/","url":"https:\/\/anut.org.br\/en\/plvb\/","name":"PLVB - ANUT","isPartOf":{"@id":"https:\/\/anut.org.br\/en\/#website"},"datePublished":"2024-09-03T12:37:03+00:00","dateModified":"2024-09-17T19:34:30+00:00","breadcrumb":{"@id":"https:\/\/anut.org.br\/en\/plvb\/#breadcrumb"},"inLanguage":"en-US","potentialAction":[{"@type":"ReadAction","target":["https:\/\/anut.org.br\/en\/plvb\/"]}]},{"@type":"BreadcrumbList","@id":"https:\/\/anut.org.br\/en\/plvb\/#breadcrumb","itemListElement":[{"@type":"ListItem","position":1,"name":"In\u00edcio","item":"https:\/\/anut.org.br\/en\/?page_id=63977"},{"@type":"ListItem","position":2,"name":"PLVB"}]},{"@type":"WebSite","@id":"https:\/\/anut.org.br\/en\/#website","url":"https:\/\/anut.org.br\/en\/","name":"ANUT","description":"Associa\u00e7\u00e3o Nacional dos Usu\u00e1rios do Transporte de Carga","publisher":{"@id":"https:\/\/anut.org.br\/en\/#organization"},"potentialAction":[{"@type":"SearchAction","target":{"@type":"EntryPoint","urlTemplate":"https:\/\/anut.org.br\/en\/?s={search_term_string}"},"query-input":{"@type":"PropertyValueSpecification","valueRequired":true,"valueName":"search_term_string"}}],"inLanguage":"en-US"},{"@type":"Organization","@id":"https:\/\/anut.org.br\/en\/#organization","name":"ANUT","url":"https:\/\/anut.org.br\/en\/","logo":{"@type":"ImageObject","inLanguage":"en-US","@id":"https:\/\/anut.org.br\/en\/#\/schema\/logo\/image\/","url":"https:\/\/anut.org.br\/wp-content\/uploads\/2022\/02\/cropped-Anut-Logotipo.png","contentUrl":"https:\/\/anut.org.br\/wp-content\/uploads\/2022\/02\/cropped-Anut-Logotipo.png","width":595,"height":184,"caption":"ANUT"},"image":{"@id":"https:\/\/anut.org.br\/en\/#\/schema\/logo\/image\/"}}]}},"_links":{"self":[{"href":"https:\/\/anut.org.br\/en\/wp-json\/wp\/v2\/pages\/63950","targetHints":{"allow":["GET"]}}],"collection":[{"href":"https:\/\/anut.org.br\/en\/wp-json\/wp\/v2\/pages"}],"about":[{"href":"https:\/\/anut.org.br\/en\/wp-json\/wp\/v2\/types\/page"}],"author":[{"embeddable":true,"href":"https:\/\/anut.org.br\/en\/wp-json\/wp\/v2\/users\/13"}],"replies":[{"embeddable":true,"href":"https:\/\/anut.org.br\/en\/wp-json\/wp\/v2\/comments?post=63950"}],"version-history":[{"count":3,"href":"https:\/\/anut.org.br\/en\/wp-json\/wp\/v2\/pages\/63950\/revisions"}],"predecessor-version":[{"id":63961,"href":"https:\/\/anut.org.br\/en\/wp-json\/wp\/v2\/pages\/63950\/revisions\/63961"}],"wp:attachment":[{"href":"https:\/\/anut.org.br\/en\/wp-json\/wp\/v2\/media?parent=63950"}],"curies":[{"name":"wp","href":"https:\/\/api.w.org\/{rel}","templated":true}]}}